{"id":80,"date":"2018-02-18T23:14:19","date_gmt":"2018-02-18T23:14:19","guid":{"rendered":"https:\/\/iem-emergencia.cat\/?page_id=80"},"modified":"2025-10-22T13:12:47","modified_gmt":"2025-10-22T11:12:47","slug":"consultoria-y-peritajes","status":"publish","type":"page","link":"https:\/\/web.iem-emergencia.com\/es\/medicina-subacuatica-e-hiperbarica\/consultoria-y-peritajes\/","title":{"rendered":"Visitas m\u00e9dica, peritajes y consultor\u00eda"},"content":{"rendered":"<p>[et_pb_section fb_built=\u00bb1&#8243; _builder_version=\u00bb4.17.4&#8243; _module_preset=\u00bbdefault\u00bb background_enable_color=\u00bboff\u00bb use_background_color_gradient=\u00bbon\u00bb background_color_gradient_direction=\u00bb125deg\u00bb background_color_gradient_stops=\u00bb#fcfcfc 50%|#ffffff 60%|rgba(115,115,115,0) 60%|rgba(0,0,0,0.02) 100%\u00bb background_color_gradient_overlays_image=\u00bbon\u00bb background_image=\u00bbhttps:\/\/web.iem-emergencia.com\/wp-content\/uploads\/2022\/06\/b-peritajes.jpg\u00bb background_size=\u00bbcontain\u00bb background_position=\u00bbcenter_right\u00bb background_horizontal_offset=\u00bb0%\u00bb background_enable_pattern_style=\u00bbon\u00bb background_pattern_style=\u00bbdiagonal-stripes-2&#8243; background_pattern_color=\u00bbrgba(0,0,0,0.02)\u00bb background_pattern_size=\u00bbcustom\u00bb background_pattern_width=\u00bb22px\u00bb background_pattern_height=\u00bb30px\u00bb background_pattern_horizontal_offset=\u00bb0%\u00bb custom_margin=\u00bb5px||5px||true|false\u00bb custom_padding=\u00bb15px||15px||true|false\u00bb da_disable_devices=\u00bboff|off|off\u00bb global_colors_info=\u00bb{}\u00bb da_is_popup=\u00bboff\u00bb da_exit_intent=\u00bboff\u00bb da_has_close=\u00bbon\u00bb da_alt_close=\u00bboff\u00bb da_dark_close=\u00bboff\u00bb da_not_modal=\u00bbon\u00bb da_is_singular=\u00bboff\u00bb da_with_loader=\u00bboff\u00bb da_has_shadow=\u00bbon\u00bb][et_pb_row _builder_version=\u00bb4.17.4&#8243; _module_preset=\u00bbdefault\u00bb custom_margin=\u00bb|auto|-5px|auto||\u00bb global_colors_info=\u00bb{}\u00bb][et_pb_column type=\u00bb4_4&#8243; _builder_version=\u00bb4.17.4&#8243; _module_preset=\u00bbdefault\u00bb global_colors_info=\u00bb{}\u00bb][et_pb_text _builder_version=\u00bb4.17.4&#8243; _module_preset=\u00bbdefault\u00bb text_font_size=\u00bb17px\u00bb text_line_height=\u00bb1.8em\u00bb header_font_size=\u00bb40px\u00bb global_colors_info=\u00bb{}\u00bb]<\/p>\n<h1>Visitas m\u00e9dicas y peritajes<\/h1>\n<p>[\/et_pb_text][\/et_pb_column][\/et_pb_row][\/et_pb_section][et_pb_section fb_built=\u00bb1&#8243; admin_label=\u00bbStaff\u00bb _builder_version=\u00bb4.16&#8243; custom_padding=\u00bb3px|||||\u00bb da_disable_devices=\u00bboff|off|off\u00bb global_colors_info=\u00bb{}\u00bb da_is_popup=\u00bboff\u00bb da_exit_intent=\u00bboff\u00bb da_has_close=\u00bbon\u00bb da_alt_close=\u00bboff\u00bb da_dark_close=\u00bboff\u00bb da_not_modal=\u00bbon\u00bb da_is_singular=\u00bboff\u00bb da_with_loader=\u00bboff\u00bb da_has_shadow=\u00bbon\u00bb][et_pb_row column_structure=\u00bb2_3,1_3&#8243; _builder_version=\u00bb4.16&#8243; width=\u00bb100%\u00bb module_alignment=\u00bbcenter\u00bb custom_padding=\u00bb63px||1px|||\u00bb global_colors_info=\u00bb{}\u00bb][et_pb_column type=\u00bb2_3&#8243; _builder_version=\u00bb4.16&#8243; global_colors_info=\u00bb{}\u00bb][et_pb_text _builder_version=\u00bb4.27.4&#8243; text_font=\u00bb||||||||\u00bb header_2_font=\u00bbRaleway||||||||\u00bb custom_margin=\u00bb||66px|||\u00bb hover_enabled=\u00bb0&#8243; global_colors_info=\u00bb{}\u00bb sticky_enabled=\u00bb0&#8243;]<\/p>\n<p>El IEM es un centro especializado en visitas m\u00e9dicas, peritajes judiciales y consultor\u00eda en Medicina Subacu\u00e1tica e Hiperb\u00e1rica. Nuestros servicios son prestados por m\u00e9dicos titulados y acreditados en esta especialidad, de acuerdo con el art\u00edculo 25 de la Orden ministerial de 14 de octubre de 1997 sobre normas de seguridad en actividades de buceo.<\/p>\n<p>&nbsp;<\/p>\n<p>Para las consultas m\u00e9dicas se requiere la siguiente documentaci\u00f3n:<\/p>\n<ul>\n<li>Titulaci\u00f3n de buceo, en su caso.<\/li>\n<li>Informes m\u00e9dicos relativos a la consulta.<\/li>\n<li>Pruebas m\u00e9dicas recientes sobre el estado de salud del paciente, si est\u00e1n disponibles.<\/li>\n<li>Resumen cronol\u00f3gico de las inmersiones o actividades hiperb\u00e1ricas (profundidad, tiempo, gases utilizados, temperatura del agua, etc.) relacionadas con el motivo de la consulta.<\/li>\n<li>Otros documentos seg\u00fan la naturaleza de la consulta.<\/li>\n<\/ul>\n<p>[\/et_pb_text][\/et_pb_column][et_pb_column type=\u00bb1_3&#8243; _builder_version=\u00bb4.16&#8243; global_colors_info=\u00bb{}\u00bb][et_pb_blurb title=\u00bbSolicitar cita previa\u00bb url=\u00bb\/contacto\/\u00bb use_icon=\u00bbon\u00bb font_icon=\u00bb&#xe023;||divi||400&#8243; icon_color=\u00bb#ffffff\u00bb image_icon_background_color=\u00bb#b22121&#8243; image_icon_width=\u00bb48px\u00bb _builder_version=\u00bb4.16&#8243; background_color=\u00bbrgba(150,21,7,0.08)\u00bb image_icon_custom_padding=\u00bb25px|25px|25px|25px|false|false\u00bb text_orientation=\u00bbcenter\u00bb custom_padding=\u00bb26px|20px|26px|20px|true|true\u00bb link_option_url=\u00bb\/contacto\/\u00bb border_radii_image=\u00bbon|100%|100%|100%|100%\u00bb box_shadow_style=\u00bbpreset1&#8243; use_circle=\u00bbon\u00bb global_colors_info=\u00bb{}\u00bb image_icon_background_color__sticky_enabled=\u00bb#b22121&#8243; image_icon_background_color__sticky=\u00bb#b22121&#8243;]<\/p>\n<p>Para concretar d\u00eda y hora, ll\u00e1menos por tel\u00e9fono al 93.433.51.90 y le asignaremos la visita m\u00e9dica.<\/p>\n<p>Nuestro horario habitual es de 9:00 a 18:00h. de lunes a jueves y de 9:00 a 15:00 los viernes.<\/p>\n<p>[\/et_pb_blurb][et_pb_blurb title=\u00bbPrecios\u00bb url=\u00bb\/contacto\/\u00bb _builder_version=\u00bb4.16&#8243; background_color=\u00bbrgba(0,0,0,0.03)\u00bb text_orientation=\u00bbcenter\u00bb custom_padding=\u00bb36px|20px|36px|20px|true|true\u00bb link_option_url=\u00bb\/contacto\/\u00bb custom_css_main_element=\u00bbhr { display: block; height: 1px;||    border: 0; border-top: 1px solid #ccc;||    margin: 1em 0; padding: 0; }\u00bb global_colors_info=\u00bb{}\u00bb]<\/p>\n<p><strong>La 1\u00aa consulta \/ visita m\u00e9dica<\/strong> por problemas relacionados con actividades de buceo, y entornos hiperb\u00e1ricos en general, tiene un coste de <strong>100\u20ac<\/strong>.<\/p>\n<p><strong>La 2\u00aa visita<\/strong>, y posteriores, si fueran necesarias dependiendo del paciente y de la evoluci\u00f3n del mismo, tienen un coste de <strong>60\u20ac por visita<\/strong>.<\/p>\n<p>Los peritajes, judiciales o no, precisaran de un presupuesto espec\u00edfico seg\u00fan el caso.<\/p>\n<hr \/>\n<p>En el caso de precisar un peritaje judicial, la consulta m\u00e9dica es previa, e imprescindible, a la solicitud de un peritaje.<\/p>\n<p>[\/et_pb_blurb][\/et_pb_column][\/et_pb_row][\/et_pb_section]<\/p>\n","protected":false},"excerpt":{"rendered":"<p>Visitas m\u00e9dicas y peritajesEl IEM es un centro especializado en visitas m\u00e9dicas, peritajes judiciales y consultor\u00eda en Medicina Subacu\u00e1tica e Hiperb\u00e1rica. Nuestros servicios son prestados por m\u00e9dicos titulados y acreditados [&hellip;]<\/p>\n","protected":false},"author":1,"featured_media":174,"parent":67,"menu_order":0,"comment_status":"closed","ping_status":"closed","template":"","meta":{"_et_pb_use_builder":"on","_et_pb_old_content":"<h2><span style=\"color: #de7676;\"><strong>Visitas m\u00e9dica, peritajes y consultor\u00eda en Medicina Subacu\u00e1tica e Hiperb\u00e1rica.<\/strong><\/span><\/h2>\nEl IEM es un centro de referencia en visitas m\u00e9dicas, peritajes judiciales y consultor\u00eda de Medicina Subacu\u00e1tica e Hiperb\u00e1rica. Todas estas actividades son realizadas por m\u00e9dicos titulados y reconocidos en esta especialidad por las administraciones p\u00fablicas en Espa\u00f1a seg\u00fan lo que dispone el art\u00edculo 25 de la Orden ministerial de 14 de octubre de 1997 sobre normas de seguridad en actividades de buceo.\n\n&nbsp;\n\n<strong>DATOS B\u00c1SICOS PARA UNA CONSULTA \/ VISITA M\u00c9DICA<\/strong>\n\n<strong>Precios<\/strong>\n<ul>\n \t<li>La 1\u00aa consulta \/ visita m\u00e9dica por problemas relacionados con actividades de buceo, y entornos hiperb\u00e1ricos en general, tiene un coste de 100\u20ac.<\/li>\n \t<li>La 2\u00aa visita, y posteriores, si fueran necesarias dependiendo del paciente y de la evoluci\u00f3n del mismo, tienen un coste de 60\u20ac por visita.<\/li>\n \t<li>Los peritajes, judiciales o no, precisaran de un presupuesto espec\u00edfico seg\u00fan el caso.<\/li>\n<\/ul>\n&nbsp;\n\nNOTAS:\n\nEn el caso de precisar un peritaje judicial, la consulta m\u00e9dica es previa, e imprescindible, a la solicitud de un peritaje.\n\n<strong>\u00a0<\/strong>\n\n<strong>DOCUMENTACI\u00d3N NECESARIA<\/strong>\n\nEs necesario aportar la siguiente documentaci\u00f3n:\n<ul>\n \t<li>Titulaci\u00f3n de buceo si se dispone<\/li>\n \t<li>Pruebas e informes m\u00e9dicos relacionados con la causa que motiva la consulta<\/li>\n \t<li>Pruebas e informes m\u00e9dicos recientes, si se disponen, del estado de salud del paciente.<\/li>\n \t<li>Resumen cronol\u00f3gico con datos de las inmersiones (profundidad, tiempo en el fondo, tipo de gases, temperatura del agua, etc.), o actividades hiperb\u00e1ricas, en las que se haya detectado el problema que motiva la consulta.<\/li>\n \t<li>Otras seg\u00fan el motivo de la consulta<\/li>\n<\/ul>\n<strong>\u00a0<\/strong>\n\n<strong>SOLICITAR CITA PREVIA<\/strong>\n\nPara concretar d\u00eda y hora, ll\u00e1menos por tel\u00e9fono al 93.433.51.90 y le asignaremos la visita m\u00e9dica. Nuestro horario habitual es de 9:00 a 18:00h. de lunes a jueves y de 9:00 a 15:00 los viernes.","_et_gb_content_width":"","footnotes":""},"class_list":["post-80","page","type-page","status-publish","has-post-thumbnail","hentry"],"_links":{"self":[{"href":"https:\/\/web.iem-emergencia.com\/es\/wp-json\/wp\/v2\/pages\/80","targetHints":{"allow":["GET"]}}],"collection":[{"href":"https:\/\/web.iem-emergencia.com\/es\/wp-json\/wp\/v2\/pages"}],"about":[{"href":"https:\/\/web.iem-emergencia.com\/es\/wp-json\/wp\/v2\/types\/page"}],"author":[{"embeddable":true,"href":"https:\/\/web.iem-emergencia.com\/es\/wp-json\/wp\/v2\/users\/1"}],"replies":[{"embeddable":true,"href":"https:\/\/web.iem-emergencia.com\/es\/wp-json\/wp\/v2\/comments?post=80"}],"version-history":[{"count":0,"href":"https:\/\/web.iem-emergencia.com\/es\/wp-json\/wp\/v2\/pages\/80\/revisions"}],"up":[{"embeddable":true,"href":"https:\/\/web.iem-emergencia.com\/es\/wp-json\/wp\/v2\/pages\/67"}],"wp:featuredmedia":[{"embeddable":true,"href":"https:\/\/web.iem-emergencia.com\/es\/wp-json\/"}],"wp:attachment":[{"href":"https:\/\/web.iem-emergencia.com\/es\/wp-json\/wp\/v2\/media?parent=80"}],"curies":[{"name":"wp","href":"https:\/\/api.w.org\/{rel}","templated":true}]}}