{"id":220505,"date":"2025-10-20T11:45:48","date_gmt":"2025-10-20T09:45:48","guid":{"rendered":"https:\/\/web.iem-emergencia.com\/?page_id=220505"},"modified":"2025-10-26T11:48:22","modified_gmt":"2025-10-26T10:48:22","slug":"instalaciones","status":"publish","type":"page","link":"https:\/\/web.iem-emergencia.com\/es\/instalaciones\/","title":{"rendered":"Nuestras instalaciones"},"content":{"rendered":"<p>[et_pb_section fb_built=\u00bb1&#8243; _builder_version=\u00bb4.18.0&#8243; _module_preset=\u00bbdefault\u00bb background_enable_color=\u00bboff\u00bb use_background_color_gradient=\u00bbon\u00bb background_color_gradient_direction=\u00bb125deg\u00bb background_color_gradient_stops=\u00bb#fcfcfc 50%|#ffffff 60%|rgba(115,115,115,0) 60%|rgba(0,0,0,0.02) 100%\u00bb background_color_gradient_overlays_image=\u00bbon\u00bb background_image=\u00bbhttps:\/\/web.iem-emergencia.com\/wp-content\/uploads\/2022\/08\/Sobre-IEM_880x349_1638.jpg\u00bb background_size=\u00bbcontain\u00bb background_position=\u00bbcenter_right\u00bb background_horizontal_offset=\u00bb0%\u00bb background_enable_pattern_style=\u00bbon\u00bb background_pattern_style=\u00bbdiagonal-stripes-2&#8243; background_pattern_color=\u00bbrgba(0,0,0,0.02)\u00bb background_pattern_size=\u00bbcustom\u00bb background_pattern_width=\u00bb22px\u00bb background_pattern_height=\u00bb30px\u00bb background_pattern_horizontal_offset=\u00bb0%\u00bb custom_margin=\u00bb5px||5px||true|false\u00bb custom_padding=\u00bb15px||15px||true|false\u00bb da_disable_devices=\u00bboff|off|off\u00bb global_colors_info=\u00bb{}\u00bb da_is_popup=\u00bboff\u00bb da_exit_intent=\u00bboff\u00bb da_has_close=\u00bbon\u00bb da_alt_close=\u00bboff\u00bb da_dark_close=\u00bboff\u00bb da_not_modal=\u00bbon\u00bb da_is_singular=\u00bboff\u00bb da_with_loader=\u00bboff\u00bb da_has_shadow=\u00bbon\u00bb][et_pb_row _builder_version=\u00bb4.17.4&#8243; _module_preset=\u00bbdefault\u00bb custom_margin=\u00bb|auto|-5px|auto||\u00bb global_colors_info=\u00bb{}\u00bb][et_pb_column type=\u00bb4_4&#8243; _builder_version=\u00bb4.17.4&#8243; _module_preset=\u00bbdefault\u00bb global_colors_info=\u00bb{}\u00bb][et_pb_text _builder_version=\u00bb4.27.4&#8243; _module_preset=\u00bbdefault\u00bb text_font_size=\u00bb17px\u00bb text_line_height=\u00bb1.8em\u00bb header_font_size=\u00bb40px\u00bb global_colors_info=\u00bb{}\u00bb]<\/p>\n<h1>Nuestras instalaciones<\/h1>\n<p>Instituto de Estudios M\u00e9dicos<\/p>\n<p>[\/et_pb_text][\/et_pb_column][\/et_pb_row][\/et_pb_section][et_pb_section fb_built=\u00bb1&#8243; admin_label=\u00bbStaff\u00bb _builder_version=\u00bb4.16&#8243; custom_padding=\u00bb3px|||||\u00bb da_disable_devices=\u00bboff|off|off\u00bb global_colors_info=\u00bb{}\u00bb da_is_popup=\u00bboff\u00bb da_exit_intent=\u00bboff\u00bb da_has_close=\u00bbon\u00bb da_alt_close=\u00bboff\u00bb da_dark_close=\u00bboff\u00bb da_not_modal=\u00bbon\u00bb da_is_singular=\u00bboff\u00bb da_with_loader=\u00bboff\u00bb da_has_shadow=\u00bbon\u00bb][et_pb_row column_structure=\u00bb2_3,1_3&#8243; _builder_version=\u00bb4.16&#8243; width=\u00bb100%\u00bb module_alignment=\u00bbcenter\u00bb custom_padding=\u00bb43px||1px|||\u00bb global_colors_info=\u00bb{}\u00bb][et_pb_column type=\u00bb2_3&#8243; _builder_version=\u00bb4.16&#8243; global_colors_info=\u00bb{}\u00bb][et_pb_text _builder_version=\u00bb4.27.4&#8243; text_font=\u00bb||||||||\u00bb header_2_font=\u00bbRaleway||||||||\u00bb custom_margin=\u00bb||48px|||\u00bb global_colors_info=\u00bb{}\u00bb]<\/p>\n<p>Nuestras instalaciones est\u00e1n dise\u00f1adas para ofrecer una formaci\u00f3n inmersiva y de alta calidad en urgencias y emergencias.<\/p>\n<p>En el Instituto de Estudios M\u00e9dicos (IEM), disponemos de un centro de simulaci\u00f3n de alta fidelidad que marca la diferencia en la formaci\u00f3n sanitaria y de rescate. Con el traslado de nuestra sede en 2014, hemos potenciado significativamente nuestros espacios, en continua evoluci\u00f3n, con instalaciones modernas y equipamientos de \u00faltima generaci\u00f3n para garantizar una experiencia formativa inmersiva y de m\u00e1xima calidad.<br \/>Desde 2014, nuestro centro de simulaci\u00f3n avanzada proporciona herramientas y espacios especializados para pr\u00e1cticas realistas, incluyendo, entre otros:<\/p>\n<ul>\n<li><strong>Estaciones de rescate y atenci\u00f3n prehospitalaria<\/strong>: Espacios dise\u00f1ados para recrear escenarios reales de emergencias, con un roc\u00f3dromo y boxes de urgencias equipados para pr\u00e1cticas de soporte vital avanzado y paciente cr\u00edtico en general.<\/li>\n<li><strong>2 ambulancias<\/strong>, una de <strong>Soporte Vital Avanzado<\/strong>, totalmente equipada.<\/li>\n<li><strong>Laboratorio de simulaci\u00f3n avanzada<\/strong>: Equipado con simuladores de alta fidelidad como SimMan, un quir\u00f3fano de urgencias y una Unidad de Cuidados Intensivos (UCI) con todos los aparatos electrom\u00e9dicos esenciales para una formaci\u00f3n realista.<\/li>\n<li><strong>Sala de control innovadora<\/strong>: Dotada de cristales esp\u00eda y una red inform\u00e1tica de v\u00eddeo y sonido que permite supervisar las simulaciones en tiempo real desde cualquier aula o despacho del centro. Este sistema facilita la evaluaci\u00f3n detallada de las actuaciones, la identificaci\u00f3n de \u00e1reas de mejora y la aplicaci\u00f3n de correcciones para optimizar el aprendizaje. En resumen, trabajar a fondo las habilidades no t\u00e9cnicas en urgencias y emergencias tales como el trabajo en equipo, la comunicaci\u00f3n, el liderazgo, etc.<\/li>\n<\/ul>\n<p>En IEM, nuestras instalaciones est\u00e1n pensadas para preparar profesionales sanitarios y equipos de rescate con las herramientas y el entorno ideales para enfrentarse a los retos del mundo real.<\/p>\n<p>&nbsp;<\/p>\n<h3>\u00a1Ven a conocerlas y descubre un espacio dise\u00f1ado para la excelencia!<\/h3>\n<p>[\/et_pb_text][et_pb_video src=\u00bbhttps:\/\/web.iem-emergencia.com\/videos\/instalacions.mp4&#8243; _builder_version=\u00bb4.27.4&#8243; _module_preset=\u00bbdefault\u00bb hover_enabled=\u00bb0&#8243; sticky_enabled=\u00bb0&#8243; box_shadow_style=\u00bbpreset3&#8243; image_src=\u00bbhttps:\/\/web.iem-emergencia.com\/wp-content\/uploads\/P2133277-scaled.jpg\u00bb title_text=\u00bbOLYMPUS DIGITAL CAMERA\u00bb play_icon_color=\u00bb#FFFFFF\u00bb font_icon=\u00bb&#x49;||divi||400&#8243;][\/et_pb_video][\/et_pb_column][et_pb_column type=\u00bb1_3&#8243; _builder_version=\u00bb4.16&#8243; global_colors_info=\u00bb{}\u00bb][et_pb_gallery _builder_version=\u00bb4.27.4&#8243; _module_preset=\u00bbdefault\u00bb gallery_ids=\u00bb220816,220815,220814,220812,220810&#8243; hover_enabled=\u00bb0&#8243; sticky_enabled=\u00bb0&#8243; gallery_orderby=\u00bbrand\u00bb fullwidth=\u00bbon\u00bb pagination_text_color=\u00bb#FFFFFF\u00bb box_shadow_style=\u00bbpreset3&#8243;][\/et_pb_gallery][\/et_pb_column][\/et_pb_row][\/et_pb_section]<\/p>\n","protected":false},"excerpt":{"rendered":"<p>Nuestras instalaciones Instituto de Estudios M\u00e9dicosNuestras instalaciones est\u00e1n dise\u00f1adas para ofrecer una formaci\u00f3n inmersiva y de alta calidad en urgencias y emergencias. En el Instituto de Estudios M\u00e9dicos (IEM), disponemos [&hellip;]<\/p>\n","protected":false},"author":1,"featured_media":19,"parent":0,"menu_order":0,"comment_status":"closed","ping_status":"closed","template":"","meta":{"_et_pb_use_builder":"on","_et_pb_old_content":"El Instituto de Estudios M\u00e9dicos (IEM) es un centro que imparte principalmente formaci\u00f3n sanitaria especializada en urgencias y emergencias a todos los niveles. Entre su oferta formativa destaca el M\u00e1ster en Asistencia Integral en Urgencias y Emergencias , adaptado al Espacio Europeo de Educaci\u00f3n Superior con 90 cr\u00e9ditos ECTS (European Credit Transfer System).\n\nAsimismo, en el IEM impartimos formaci\u00f3n a medida, adaptada al lugar de trabajo de cada profesional sanitario o no sanitario: m\u00e9dicos\/as, enfermeros\/as, celadores\/as, bomberos\/as, polic\u00edas, t\u00e9cnicos\/as de Protecci\u00f3n Civil, militares, submarinistas, maestros\/as, miembros de equipos de primera, segunda y tercera intervenci\u00f3n, etc. y p\u00fablico en general. Siguiendo esta l\u00ednea, el IEM lleva a cabo la implantaci\u00f3n de Espacios cardioprotegidos, adaptados a las especificidades de cada organizaci\u00f3n, incluyendo tanto la formaci\u00f3n del personal como la instalaci\u00f3n de los equipos, su revisi\u00f3n y mantenimiento y su actualizaci\u00f3n peri\u00f3dica, con el fin de garantizar su plena funcionalidad.\n\nDurante el a\u00f1o 2016 formamos a m\u00e1s de 1.700 personas en diferentes cursos especializados en urgencias y emergencias, y a m\u00e1s de 500 personas en cursos acreditados de Soporte Vital.\n\nAdem\u00e1s, el IEM tambi\u00e9n dispone de un \u00e1rea de medicina subacu\u00e1tica e hiperb\u00e1rica, especializada en revisiones y consultas m\u00e9dicas para buceadores\/as recreativos\/as y profesionales.\n\nPor \u00faltimo, tambi\u00e9n llevamos a cabo servicios preventivos sanitarios y consultor\u00eda para cualquier tipo de evento que requiera la presencia de personal sanitario. Tambi\u00e9n disponemos de otros servicios especializados en psicolog\u00eda de emergencias, prevenci\u00f3n y seguridad integral y tuneladoras.\n\n&nbsp;\n\n&nbsp;\n\n<img class=\"alignnone\" style=\"max-width: 100%; height: auto;\" src=\"https:\/\/iem-emergencia.cat\/wp-content\/uploads\/2018\/02\/Sobre-IEM_880x349.png\" alt=\"\" \/>\n\n&nbsp;","_et_gb_content_width":"","footnotes":""},"class_list":["post-220505","page","type-page","status-publish","has-post-thumbnail","hentry"],"_links":{"self":[{"href":"https:\/\/web.iem-emergencia.com\/es\/wp-json\/wp\/v2\/pages\/220505","targetHints":{"allow":["GET"]}}],"collection":[{"href":"https:\/\/web.iem-emergencia.com\/es\/wp-json\/wp\/v2\/pages"}],"about":[{"href":"https:\/\/web.iem-emergencia.com\/es\/wp-json\/wp\/v2\/types\/page"}],"author":[{"embeddable":true,"href":"https:\/\/web.iem-emergencia.com\/es\/wp-json\/wp\/v2\/users\/1"}],"replies":[{"embeddable":true,"href":"https:\/\/web.iem-emergencia.com\/es\/wp-json\/wp\/v2\/comments?post=220505"}],"version-history":[{"count":0,"href":"https:\/\/web.iem-emergencia.com\/es\/wp-json\/wp\/v2\/pages\/220505\/revisions"}],"wp:featuredmedia":[{"embeddable":true,"href":"https:\/\/web.iem-emergencia.com\/es\/wp-json\/"}],"wp:attachment":[{"href":"https:\/\/web.iem-emergencia.com\/es\/wp-json\/wp\/v2\/media?parent=220505"}],"curies":[{"name":"wp","href":"https:\/\/api.w.org\/{rel}","templated":true}]}}