{"id":219277,"date":"2022-06-22T10:16:33","date_gmt":"2022-06-22T08:16:33","guid":{"rendered":"https:\/\/web.iem-emergencia.com\/?page_id=219277"},"modified":"2025-10-28T15:49:41","modified_gmt":"2025-10-28T14:49:41","slug":"cursos","status":"publish","type":"page","link":"https:\/\/web.iem-emergencia.com\/es\/cursos\/","title":{"rendered":"Cursos"},"content":{"rendered":"<p>[et_pb_section fb_built=\u00bb1&#8243; _builder_version=\u00bb4.17.4&#8243; _module_preset=\u00bbdefault\u00bb background_enable_color=\u00bboff\u00bb use_background_color_gradient=\u00bbon\u00bb background_color_gradient_direction=\u00bb125deg\u00bb background_color_gradient_stops=\u00bb#fcfcfc 50%|#ffffff 60%|rgba(115,115,115,0) 60%|rgba(0,0,0,0.02) 100%\u00bb background_color_gradient_overlays_image=\u00bbon\u00bb background_image=\u00bbhttps:\/\/web.iem-emergencia.com\/wp-content\/uploads\/2022\/06\/P1170020-1024&#215;768-1-e1655883541639.jpg\u00bb background_size=\u00bbcontain\u00bb background_position=\u00bbcenter_right\u00bb background_horizontal_offset=\u00bb0%\u00bb background_enable_pattern_style=\u00bbon\u00bb background_pattern_style=\u00bbdiagonal-stripes-2&#8243; background_pattern_color=\u00bbrgba(0,0,0,0.02)\u00bb background_pattern_size=\u00bbcustom\u00bb background_pattern_width=\u00bb22px\u00bb background_pattern_height=\u00bb30px\u00bb background_pattern_horizontal_offset=\u00bb0%\u00bb custom_margin=\u00bb5px||5px||true|false\u00bb custom_padding=\u00bb15px||15px||true|false\u00bb da_disable_devices=\u00bboff|off|off\u00bb global_colors_info=\u00bb{}\u00bb theme_builder_area=\u00bbpost_content\u00bb da_is_popup=\u00bboff\u00bb da_exit_intent=\u00bboff\u00bb da_has_close=\u00bbon\u00bb da_alt_close=\u00bboff\u00bb da_dark_close=\u00bboff\u00bb da_not_modal=\u00bbon\u00bb da_is_singular=\u00bboff\u00bb da_with_loader=\u00bboff\u00bb da_has_shadow=\u00bbon\u00bb][et_pb_row _builder_version=\u00bb4.17.4&#8243; _module_preset=\u00bbdefault\u00bb custom_margin=\u00bb|auto|-5px|auto||\u00bb global_colors_info=\u00bb{}\u00bb theme_builder_area=\u00bbpost_content\u00bb][et_pb_column type=\u00bb4_4&#8243; _builder_version=\u00bb4.17.4&#8243; _module_preset=\u00bbdefault\u00bb global_colors_info=\u00bb{}\u00bb theme_builder_area=\u00bbpost_content\u00bb][et_pb_text _builder_version=\u00bb4.17.4&#8243; _module_preset=\u00bbdefault\u00bb header_font_size=\u00bb40px\u00bb custom_padding=\u00bb|466px||||\u00bb global_colors_info=\u00bb{}\u00bb theme_builder_area=\u00bbpost_content\u00bb]<\/p>\n<h1>Oferta formativa<\/h1>\n<p>Te ofrecemos una amplia variedad de cursos para que te formes en cualquier \u00e1rea de la asistencia en urgencias y emergencias. Busca aqu\u00ed tu curso.<\/p>\n<p>[\/et_pb_text][\/et_pb_column][\/et_pb_row][\/et_pb_section][et_pb_section fb_built=\u00bb1&#8243; theme_builder_area=\u00bbpost_content\u00bb _builder_version=\u00bb4.27.4&#8243; _module_preset=\u00bbdefault\u00bb custom_padding=\u00bb3px||2px|||\u00bb da_is_popup=\u00bboff\u00bb da_exit_intent=\u00bboff\u00bb da_has_close=\u00bbon\u00bb da_alt_close=\u00bboff\u00bb da_dark_close=\u00bboff\u00bb da_not_modal=\u00bbon\u00bb da_is_singular=\u00bboff\u00bb da_with_loader=\u00bboff\u00bb da_has_shadow=\u00bbon\u00bb da_disable_devices=\u00bboff|off|off\u00bb][et_pb_row _builder_version=\u00bb4.27.4&#8243; _module_preset=\u00bbdefault\u00bb width=\u00bb100%\u00bb custom_padding=\u00bb15px||12px|||\u00bb global_colors_info=\u00bb{}\u00bb column_structure=\u00bb2_3,1_3&#8243; theme_builder_area=\u00bbpost_content\u00bb][et_pb_column type=\u00bb2_3&#8243; _builder_version=\u00bb4.27.4&#8243; _module_preset=\u00bbdefault\u00bb global_colors_info=\u00bb{}\u00bb theme_builder_area=\u00bbpost_content\u00bb][et_pb_text _builder_version=\u00bb4.27.4&#8243; _module_preset=\u00bbdefault\u00bb text_text_color=\u00bb#FFFFFF\u00bb header_3_text_color=\u00bb#FFFFFF\u00bb background_color=\u00bbrgba(0,0,0,0.34)\u00bb background_image=\u00bbhttps:\/\/web.iem-emergencia.com\/wp-content\/uploads\/2025\/10\/15554-formacion-a-medida.webp\u00bb background_position=\u00bbbottom_center\u00bb background_vertical_offset=\u00bb69%\u00bb background_blend=\u00bboverlay\u00bb custom_padding=\u00bb59px|20px|51px|20px|false|true\u00bb global_colors_info=\u00bb{}\u00bb theme_builder_area=\u00bbpost_content\u00bb]<\/p>\n<h3>Formaci\u00f3n a medida<\/h3>\n<p>El Instituto de Estudios M\u00e9dicos ofrece programas personalizados para profesionales sanitarios de la medicina, la enfermer\u00eda, TES, auxiliares, bomberos, polic\u00edas, militares, submarinistas, maestros, equipos de intervenci\u00f3n y p\u00fablico general. Estos cursos se adaptan a los retos espec\u00edficos de cada colectivo y puesto de trabajo, garantizando una formaci\u00f3n pr\u00e1ctica y relevante para enfrentar situaciones de emergencia con eficacia.<\/p>\n<p>[\/et_pb_text][\/et_pb_column][et_pb_column type=\u00bb1_3&#8243; _builder_version=\u00bb4.27.4&#8243; _module_preset=\u00bbdefault\u00bb global_colors_info=\u00bb{}\u00bb theme_builder_area=\u00bbpost_content\u00bb][et_pb_blurb title=\u00bbCalendario\u00bb _builder_version=\u00bb4.27.4&#8243; _module_preset=\u00bbdefault\u00bb use_icon=\u00bbon\u00bb font_icon=\u00bb&#xf073;||fa||400&#8243; background_color=\u00bbrgba(224,43,32,0.07)\u00bb custom_padding=\u00bb30px|20px|30px|20px|true|true\u00bb text_orientation=\u00bbcenter\u00bb hover_enabled=\u00bb0&#8243; sticky_enabled=\u00bb0&#8243; url=\u00bb\/calendario\/\u00bb link_option_url=\u00bb\/calendario\/\u00bb theme_builder_area=\u00bbpost_content\u00bb]<\/p>\n<p>Consulta el calendario anual de formaci\u00f3n programada.<\/p>\n<p>[\/et_pb_blurb][\/et_pb_column][\/et_pb_row][\/et_pb_section][et_pb_section fb_built=\u00bb1&#8243; admin_label=\u00bbStaff\u00bb _builder_version=\u00bb4.16&#8243; _module_preset=\u00bbdefault\u00bb custom_padding=\u00bb8px|||||\u00bb da_disable_devices=\u00bboff|off|off\u00bb global_colors_info=\u00bb{}\u00bb da_is_popup=\u00bboff\u00bb da_exit_intent=\u00bboff\u00bb da_has_close=\u00bbon\u00bb da_alt_close=\u00bboff\u00bb da_dark_close=\u00bboff\u00bb da_not_modal=\u00bbon\u00bb da_is_singular=\u00bboff\u00bb da_with_loader=\u00bboff\u00bb da_has_shadow=\u00bbon\u00bb][et_pb_row _builder_version=\u00bb4.17.4&#8243; _module_preset=\u00bbdefault\u00bb width=\u00bb100%\u00bb min_height=\u00bb487px\u00bb custom_margin=\u00bb-7px|auto||auto||\u00bb custom_padding=\u00bb26px|||||\u00bb global_colors_info=\u00bb{}\u00bb][et_pb_column type=\u00bb4_4&#8243; _builder_version=\u00bb4.16&#8243; _module_preset=\u00bbdefault\u00bb global_colors_info=\u00bb{}\u00bb][et_pb_filterable_portfolio fullwidth=\u00bboff\u00bb posts_number=\u00bb90&#8243; include_categories=\u00bb58,57,59,60&#8243; _builder_version=\u00bb4.17.4&#8243; _module_preset=\u00bbdefault\u00bb title_font=\u00bb||||||||\u00bb title_text_color=\u00bb#757575&#8243; title_font_size=\u00bb16px\u00bb filter_font=\u00bb||||||||\u00bb filter_font_size=\u00bb14px\u00bb caption_text_color=\u00bb#ce0000&#8243; caption_font_size=\u00bb11px\u00bb caption_line_height=\u00bb1.4em\u00bb background_enable_color=\u00bboff\u00bb custom_margin=\u00bb6px|||||\u00bb global_colors_info=\u00bb{}\u00bb][\/et_pb_filterable_portfolio][\/et_pb_column][\/et_pb_row][et_pb_row _builder_version=\u00bb4.27.4&#8243; _module_preset=\u00bbdefault\u00bb background_color=\u00bbrgba(224,43,32,0.04)\u00bb width=\u00bb100%\u00bb custom_margin=\u00bb9px|auto||auto||\u00bb global_colors_info=\u00bb{}\u00bb][et_pb_column type=\u00bb4_4&#8243; _builder_version=\u00bb4.27.4&#8243; _module_preset=\u00bbdefault\u00bb global_colors_info=\u00bb{}\u00bb][et_pb_text _builder_version=\u00bb4.27.4&#8243; _module_preset=\u00bbdefault\u00bb text_font=\u00bb|600|||||||\u00bb text_orientation=\u00bbcenter\u00bb global_colors_info=\u00bb{}\u00bb]<\/p>\n<p>En el IEM te ofrecemos una amplia variedad de cursos para que te formes en cualquier \u00e1rea de la asistencia en urgencias y emergencias.<\/p>\n<p>Busca aqu\u00ed tu curso. Si no lo encuentras, contacta con nosotros.<\/p>\n<p>[\/et_pb_text][\/et_pb_column][\/et_pb_row][\/et_pb_section]<\/p>\n","protected":false},"excerpt":{"rendered":"<p>Oferta formativa Te ofrecemos una amplia variedad de cursos para que te formes en cualquier \u00e1rea de la asistencia en urgencias y emergencias. Busca aqu\u00ed tu curso.Formaci\u00f3n a medida El [&hellip;]<\/p>\n","protected":false},"author":1,"featured_media":0,"parent":0,"menu_order":0,"comment_status":"closed","ping_status":"closed","template":"","meta":{"_et_pb_use_builder":"on","_et_pb_old_content":"","_et_gb_content_width":"","footnotes":""},"class_list":["post-219277","page","type-page","status-publish","hentry"],"_links":{"self":[{"href":"https:\/\/web.iem-emergencia.com\/es\/wp-json\/wp\/v2\/pages\/219277","targetHints":{"allow":["GET"]}}],"collection":[{"href":"https:\/\/web.iem-emergencia.com\/es\/wp-json\/wp\/v2\/pages"}],"about":[{"href":"https:\/\/web.iem-emergencia.com\/es\/wp-json\/wp\/v2\/types\/page"}],"author":[{"embeddable":true,"href":"https:\/\/web.iem-emergencia.com\/es\/wp-json\/wp\/v2\/users\/1"}],"replies":[{"embeddable":true,"href":"https:\/\/web.iem-emergencia.com\/es\/wp-json\/wp\/v2\/comments?post=219277"}],"version-history":[{"count":0,"href":"https:\/\/web.iem-emergencia.com\/es\/wp-json\/wp\/v2\/pages\/219277\/revisions"}],"wp:attachment":[{"href":"https:\/\/web.iem-emergencia.com\/es\/wp-json\/wp\/v2\/media?parent=219277"}],"curies":[{"name":"wp","href":"https:\/\/api.w.org\/{rel}","templated":true}]}}