{"id":12,"date":"2018-02-18T19:51:07","date_gmt":"2018-02-18T19:51:07","guid":{"rendered":"https:\/\/iem-emergencia.cat\/?page_id=12"},"modified":"2025-10-26T12:39:29","modified_gmt":"2025-10-26T11:39:29","slug":"sobre-iem","status":"publish","type":"page","link":"https:\/\/web.iem-emergencia.com\/es\/sobre-iem\/","title":{"rendered":"Sobre IEM"},"content":{"rendered":"<p>[et_pb_section fb_built=\u00bb1&#8243; _builder_version=\u00bb4.18.0&#8243; _module_preset=\u00bbdefault\u00bb background_enable_color=\u00bboff\u00bb use_background_color_gradient=\u00bbon\u00bb background_color_gradient_direction=\u00bb125deg\u00bb background_color_gradient_stops=\u00bb#fcfcfc 50%|#ffffff 60%|rgba(115,115,115,0) 60%|rgba(0,0,0,0.02) 100%\u00bb background_color_gradient_overlays_image=\u00bbon\u00bb background_image=\u00bbhttps:\/\/web.iem-emergencia.com\/wp-content\/uploads\/2022\/08\/Sobre-IEM_880x349_1638.jpg\u00bb background_size=\u00bbcontain\u00bb background_position=\u00bbcenter_right\u00bb background_horizontal_offset=\u00bb0%\u00bb background_enable_pattern_style=\u00bbon\u00bb background_pattern_style=\u00bbdiagonal-stripes-2&#8243; background_pattern_color=\u00bbrgba(0,0,0,0.02)\u00bb background_pattern_size=\u00bbcustom\u00bb background_pattern_width=\u00bb22px\u00bb background_pattern_height=\u00bb30px\u00bb background_pattern_horizontal_offset=\u00bb0%\u00bb custom_margin=\u00bb5px||5px||true|false\u00bb custom_padding=\u00bb15px||15px||true|false\u00bb da_disable_devices=\u00bboff|off|off\u00bb global_colors_info=\u00bb{}\u00bb da_is_popup=\u00bboff\u00bb da_exit_intent=\u00bboff\u00bb da_has_close=\u00bbon\u00bb da_alt_close=\u00bboff\u00bb da_dark_close=\u00bboff\u00bb da_not_modal=\u00bbon\u00bb da_is_singular=\u00bboff\u00bb da_with_loader=\u00bboff\u00bb da_has_shadow=\u00bbon\u00bb][et_pb_row _builder_version=\u00bb4.17.4&#8243; _module_preset=\u00bbdefault\u00bb custom_margin=\u00bb|auto|-5px|auto||\u00bb global_colors_info=\u00bb{}\u00bb][et_pb_column type=\u00bb4_4&#8243; _builder_version=\u00bb4.17.4&#8243; _module_preset=\u00bbdefault\u00bb global_colors_info=\u00bb{}\u00bb][et_pb_text _builder_version=\u00bb4.17.4&#8243; _module_preset=\u00bbdefault\u00bb text_font_size=\u00bb17px\u00bb text_line_height=\u00bb1.8em\u00bb header_font_size=\u00bb40px\u00bb global_colors_info=\u00bb{}\u00bb]<\/p>\n<h1>Sobre el IEM<\/h1>\n<p>Instituto de Estudios M\u00e9dicos<\/p>\n<p>[\/et_pb_text][\/et_pb_column][\/et_pb_row][\/et_pb_section][et_pb_section fb_built=\u00bb1&#8243; admin_label=\u00bbStaff\u00bb _builder_version=\u00bb4.16&#8243; custom_padding=\u00bb3px||34px|||\u00bb da_disable_devices=\u00bboff|off|off\u00bb global_colors_info=\u00bb{}\u00bb da_is_popup=\u00bboff\u00bb da_exit_intent=\u00bboff\u00bb da_has_close=\u00bbon\u00bb da_alt_close=\u00bboff\u00bb da_dark_close=\u00bboff\u00bb da_not_modal=\u00bbon\u00bb da_is_singular=\u00bboff\u00bb da_with_loader=\u00bboff\u00bb da_has_shadow=\u00bbon\u00bb][et_pb_row column_structure=\u00bb3_4,1_4&#8243; _builder_version=\u00bb4.16&#8243; width=\u00bb100%\u00bb module_alignment=\u00bbcenter\u00bb custom_padding=\u00bb43px||1px|||\u00bb global_colors_info=\u00bb{}\u00bb][et_pb_column type=\u00bb3_4&#8243; _builder_version=\u00bb4.16&#8243; global_colors_info=\u00bb{}\u00bb][et_pb_text _builder_version=\u00bb4.27.4&#8243; text_font=\u00bb||||||||\u00bb header_2_font=\u00bbRaleway||||||||\u00bb custom_margin=\u00bb||84px|||\u00bb global_colors_info=\u00bb{}\u00bb]<\/p>\n<p style=\"font-weight: 400;\"><span>En el Instituto de Estudios M\u00e9dicos somos un centro l\u00edder en formaci\u00f3n especializada en urgencias, emergencias y protecci\u00f3n civil, <strong>con una trayectoria de m\u00e1s de 30 a\u00f1os<\/strong>.<\/span><\/p>\n<p style=\"font-weight: 400;\"><span>Nuestro <strong>M\u00e1ster en Asistencia Integral en Urgencias y Emergencias (90 cr\u00e9ditos ECTS)<\/strong>, alineado con el Espacio Europeo de Educaci\u00f3n Superior, ha formado a cientos de profesionales sanitarios de todo el mundo.<\/span><\/p>\n<p style=\"font-weight: 400;\"><span>Adem\u00e1s, vamos m\u00e1s all\u00e1 de la formaci\u00f3n convencional. Somos centro de referencia en <strong>medicina subacu\u00e1tica e hiperb\u00e1rica<\/strong>, ofreciendo revisiones y consultas m\u00e9dicas para buceadores recreativos y profesionales, informes t\u00e9cnicos y forenses, asesoramiento para empresas de buceo e instituciones sanitarias p\u00fablicas y privadas.<\/span><\/p>\n<p style=\"font-weight: 400;\"><span>Tambi\u00e9n <strong>dise\u00f1amos programas de formaci\u00f3n personalizados<\/strong> para una amplia variedad de colectivos, de medicina y enfermer\u00eda, bomberos, polic\u00edas, militares, submarinistas, maestros y equipos de intervenci\u00f3n, as\u00ed como cursos abiertos al p\u00fablico general.<\/span><\/p>\n<p style=\"font-weight: 400;\"><span>Somos pioneros en la formaci\u00f3n y especializaci\u00f3n en <strong>psicolog\u00eda de emergencias<\/strong>.<\/span><\/p>\n<p style=\"font-weight: 400;\"><span>Nuestro compromiso con la sociedad se refleja en nuestros <strong>servicios preventivos sanitarios y de consultor\u00eda<\/strong> para grandes eventos y\/o competiciones de alta complejidad, obras, o actuaciones de alto riesgo, como las tuneladoras hiperb\u00e1ricas en las obras de metro y ferrocarriles.<\/span><\/p>\n<p style=\"font-weight: 400;\"><span>En el IEM, combinamos experiencia, innovaci\u00f3n y vocaci\u00f3n para formar profesionales preparados para salvar vidas y fortalecer la seguridad colectiva.<\/span><\/p>\n<p>[\/et_pb_text][\/et_pb_column][et_pb_column type=\u00bb1_4&#8243; _builder_version=\u00bb4.16&#8243; global_colors_info=\u00bb{}\u00bb][et_pb_image src=\u00bbhttps:\/\/iem-emergencia.com\/wp-content\/uploads\/2018\/05\/DSC06744.jpg\u00bb title_text=\u00bbDSC06744&#8243; align=\u00bbcenter\u00bb _builder_version=\u00bb4.27.4&#8243; width=\u00bb100%\u00bb hover_enabled=\u00bb0&#8243; global_colors_info=\u00bb{}\u00bb box_shadow_style=\u00bbpreset3&#8243; sticky_enabled=\u00bb0&#8243;][\/et_pb_image][et_pb_text _builder_version=\u00bb4.16&#8243; text_font_size=\u00bb12px\u00bb global_colors_info=\u00bb{}\u00bb]<\/p>\n<h4>Dr. Agust\u00ed Ruiz<\/h4>\n<p class=\"no-margin\" itemprop=\"jobTitle\"><strong>Director Gerente.<\/strong><\/p>\n<p class=\"no-margin\" itemprop=\"description\">Profesor asociado del Departament de Medicina de la Universitat Aut\u00f2noma de Barcelona Director del M\u00e1ster en Asistencia Integral en Urgencias y Emergencias<\/p>\n<p>[\/et_pb_text][\/et_pb_column][\/et_pb_row][et_pb_row _builder_version=\u00bb4.27.4&#8243; _module_preset=\u00bbdefault\u00bb background_image=\u00bbhttps:\/\/web.iem-emergencia.com\/wp-content\/uploads\/P2133306-scaled.jpg\u00bb width=\u00bb100%\u00bb min_height=\u00bb382px\u00bb global_colors_info=\u00bb{}\u00bb][et_pb_column type=\u00bb4_4&#8243; _builder_version=\u00bb4.27.4&#8243; _module_preset=\u00bbdefault\u00bb global_colors_info=\u00bb{}\u00bb][et_pb_text _builder_version=\u00bb4.27.4&#8243; _module_preset=\u00bbdefault\u00bb text_font=\u00bb&#8211;et_global_heading_font||||||||\u00bb text_text_color=\u00bb#FFFFFF\u00bb text_font_size=\u00bb42px\u00bb text_line_height=\u00bb1.8em\u00bb background_color=\u00bbrgba(168,21,21,0.83)\u00bb background_enable_image=\u00bboff\u00bb text_orientation=\u00bbcenter\u00bb width=\u00bb50%\u00bb module_alignment=\u00bbcenter\u00bb custom_margin=\u00bb50px||||false|false\u00bb global_colors_info=\u00bb{}\u00bb]<\/p>\n<p>Descubre qui\u00e9nes somos y \u00fanete a nuestra misi\u00f3n.<\/p>\n<p>[\/et_pb_text][\/et_pb_column][\/et_pb_row][et_pb_row _builder_version=\u00bb4.27.4&#8243; _module_preset=\u00bbdefault\u00bb background_color=\u00bbrgba(196,255,35,0.11)\u00bb background_pattern_horizontal_offset=\u00bb0%\u00bb background_pattern_vertical_offset=\u00bb0%\u00bb width=\u00bb100%\u00bb custom_margin=\u00bb42px|auto||auto||\u00bb custom_padding=\u00bb20px|20px|20px|20px|true|true\u00bb global_colors_info=\u00bb{}\u00bb][et_pb_column type=\u00bb4_4&#8243; _builder_version=\u00bb4.27.4&#8243; _module_preset=\u00bbdefault\u00bb global_colors_info=\u00bb{}\u00bb][et_pb_text _builder_version=\u00bb4.27.4&#8243; _module_preset=\u00bbdefault\u00bb global_colors_info=\u00bb{}\u00bb]<\/p>\n<h3>Entidades colaboradoras<\/h3>\n<p>Colaboramos con m\u00e1s de 150 instituciones nacionales e internacionales, incluyendo entidades de transporte sanitario, hospitales, bomberos y ONG. Estos socios aportan experiencia t\u00e9cnica y pr\u00e1ctica, enriqueciendo nuestros programas con conocimientos actualizados y adaptados a las necesidades reales de los profesionales en situaciones cr\u00edticas.<\/p>\n<p>[\/et_pb_text][\/et_pb_column][\/et_pb_row][et_pb_row column_structure=\u00bb1_6,1_6,1_6,1_6,1_6,1_6&#8243; _builder_version=\u00bb4.27.4&#8243; _module_preset=\u00bbdefault\u00bb background_color=\u00bbrgba(196,255,35,0.11)\u00bb width=\u00bb100%\u00bb custom_padding=\u00bb18px|20px|15px|20px|false|true\u00bb global_colors_info=\u00bb{}\u00bb][et_pb_column type=\u00bb1_6&#8243; _builder_version=\u00bb4.27.4&#8243; _module_preset=\u00bbdefault\u00bb global_colors_info=\u00bb{}\u00bb][et_pb_image src=\u00bbhttps:\/\/web.iem-emergencia.com\/wp-content\/uploads\/2025\/01\/descarga-1-1.jpg\u00bb title_text=\u00bbdescarga-1-1&#8243; _builder_version=\u00bb4.27.4&#8243; _module_preset=\u00bbdefault\u00bb global_colors_info=\u00bb{}\u00bb][\/et_pb_image][\/et_pb_column][et_pb_column type=\u00bb1_6&#8243; _builder_version=\u00bb4.27.4&#8243; _module_preset=\u00bbdefault\u00bb global_colors_info=\u00bb{}\u00bb][et_pb_image src=\u00bbhttps:\/\/web.iem-emergencia.com\/wp-content\/uploads\/2025\/01\/descarga-5.png\u00bb title_text=\u00bbdescarga-5&#8243; _builder_version=\u00bb4.27.4&#8243; _module_preset=\u00bbdefault\u00bb global_colors_info=\u00bb{}\u00bb][\/et_pb_image][\/et_pb_column][et_pb_column type=\u00bb1_6&#8243; _builder_version=\u00bb4.27.4&#8243; _module_preset=\u00bbdefault\u00bb global_colors_info=\u00bb{}\u00bb][et_pb_image src=\u00bbhttps:\/\/web.iem-emergencia.com\/wp-content\/uploads\/2025\/01\/logo-chv.png\u00bb title_text=\u00bblogo-chv\u00bb _builder_version=\u00bb4.27.4&#8243; _module_preset=\u00bbdefault\u00bb global_colors_info=\u00bb{}\u00bb][\/et_pb_image][\/et_pb_column][et_pb_column type=\u00bb1_6&#8243; _builder_version=\u00bb4.27.4&#8243; _module_preset=\u00bbdefault\u00bb global_colors_info=\u00bb{}\u00bb][et_pb_image src=\u00bbhttps:\/\/web.iem-emergencia.com\/wp-content\/uploads\/2025\/01\/layout_set_logo.png\u00bb title_text=\u00bblayout_set_logo\u00bb _builder_version=\u00bb4.27.4&#8243; _module_preset=\u00bbdefault\u00bb global_colors_info=\u00bb{}\u00bb][\/et_pb_image][\/et_pb_column][et_pb_column type=\u00bb1_6&#8243; _builder_version=\u00bb4.27.4&#8243; _module_preset=\u00bbdefault\u00bb global_colors_info=\u00bb{}\u00bb][et_pb_image src=\u00bbhttps:\/\/web.iem-emergencia.com\/wp-content\/uploads\/2025\/01\/Reanima-VERMELL.png\u00bb title_text=\u00bbReanima-VERMELL\u00bb _builder_version=\u00bb4.27.4&#8243; _module_preset=\u00bbdefault\u00bb global_colors_info=\u00bb{}\u00bb][\/et_pb_image][\/et_pb_column][et_pb_column type=\u00bb1_6&#8243; _builder_version=\u00bb4.27.4&#8243; _module_preset=\u00bbdefault\u00bb global_colors_info=\u00bb{}\u00bb][et_pb_image src=\u00bbhttps:\/\/web.iem-emergencia.com\/wp-content\/uploads\/2025\/01\/udc_logo.png\u00bb title_text=\u00bbudc_logo\u00bb _builder_version=\u00bb4.27.4&#8243; _module_preset=\u00bbdefault\u00bb global_colors_info=\u00bb{}\u00bb][\/et_pb_image][\/et_pb_column][\/et_pb_row][\/et_pb_section]<\/p>\n","protected":false},"excerpt":{"rendered":"<p>Sobre el IEM Instituto de Estudios M\u00e9dicosEn el Instituto de Estudios M\u00e9dicos somos un centro l\u00edder en formaci\u00f3n especializada en urgencias, emergencias y protecci\u00f3n civil, con una trayectoria de m\u00e1s [&hellip;]<\/p>\n","protected":false},"author":1,"featured_media":19,"parent":0,"menu_order":0,"comment_status":"closed","ping_status":"closed","template":"","meta":{"_et_pb_use_builder":"on","_et_pb_old_content":"El Instituto de Estudios M\u00e9dicos (IEM) es un centro que imparte principalmente formaci\u00f3n sanitaria especializada en urgencias y emergencias a todos los niveles. Entre su oferta formativa destaca el M\u00e1ster en Asistencia Integral en Urgencias y Emergencias , adaptado al Espacio Europeo de Educaci\u00f3n Superior con 90 cr\u00e9ditos ECTS (European Credit Transfer System).\n\nAsimismo, en el IEM impartimos formaci\u00f3n a medida, adaptada al lugar de trabajo de cada profesional sanitario o no sanitario: m\u00e9dicos\/as, enfermeros\/as, celadores\/as, bomberos\/as, polic\u00edas, t\u00e9cnicos\/as de Protecci\u00f3n Civil, militares, submarinistas, maestros\/as, miembros de equipos de primera, segunda y tercera intervenci\u00f3n, etc. y p\u00fablico en general. Siguiendo esta l\u00ednea, el IEM lleva a cabo la implantaci\u00f3n de Espacios cardioprotegidos, adaptados a las especificidades de cada organizaci\u00f3n, incluyendo tanto la formaci\u00f3n del personal como la instalaci\u00f3n de los equipos, su revisi\u00f3n y mantenimiento y su actualizaci\u00f3n peri\u00f3dica, con el fin de garantizar su plena funcionalidad.\n\nDurante el a\u00f1o 2016 formamos a m\u00e1s de 1.700 personas en diferentes cursos especializados en urgencias y emergencias, y a m\u00e1s de 500 personas en cursos acreditados de Soporte Vital.\n\nAdem\u00e1s, el IEM tambi\u00e9n dispone de un \u00e1rea de medicina subacu\u00e1tica e hiperb\u00e1rica, especializada en revisiones y consultas m\u00e9dicas para buceadores\/as recreativos\/as y profesionales.\n\nPor \u00faltimo, tambi\u00e9n llevamos a cabo servicios preventivos sanitarios y consultor\u00eda para cualquier tipo de evento que requiera la presencia de personal sanitario. Tambi\u00e9n disponemos de otros servicios especializados en psicolog\u00eda de emergencias, prevenci\u00f3n y seguridad integral y tuneladoras.\n\n&nbsp;\n\n&nbsp;\n\n<img class=\"alignnone\" style=\"max-width: 100%; height: auto;\" src=\"https:\/\/iem-emergencia.cat\/wp-content\/uploads\/2018\/02\/Sobre-IEM_880x349.png\" alt=\"\" \/>\n\n&nbsp;","_et_gb_content_width":"","footnotes":""},"class_list":["post-12","page","type-page","status-publish","has-post-thumbnail","hentry"],"_links":{"self":[{"href":"https:\/\/web.iem-emergencia.com\/es\/wp-json\/wp\/v2\/pages\/12","targetHints":{"allow":["GET"]}}],"collection":[{"href":"https:\/\/web.iem-emergencia.com\/es\/wp-json\/wp\/v2\/pages"}],"about":[{"href":"https:\/\/web.iem-emergencia.com\/es\/wp-json\/wp\/v2\/types\/page"}],"author":[{"embeddable":true,"href":"https:\/\/web.iem-emergencia.com\/es\/wp-json\/wp\/v2\/users\/1"}],"replies":[{"embeddable":true,"href":"https:\/\/web.iem-emergencia.com\/es\/wp-json\/wp\/v2\/comments?post=12"}],"version-history":[{"count":0,"href":"https:\/\/web.iem-emergencia.com\/es\/wp-json\/wp\/v2\/pages\/12\/revisions"}],"wp:featuredmedia":[{"embeddable":true,"href":"https:\/\/web.iem-emergencia.com\/es\/wp-json\/"}],"wp:attachment":[{"href":"https:\/\/web.iem-emergencia.com\/es\/wp-json\/wp\/v2\/media?parent=12"}],"curies":[{"name":"wp","href":"https:\/\/api.w.org\/{rel}","templated":true}]}}