{"id":728,"date":"2018-03-15T08:30:24","date_gmt":"2018-03-15T08:30:24","guid":{"rendered":"https:\/\/iem-emergencia.cat\/?page_id=728"},"modified":"2018-03-15T08:30:24","modified_gmt":"2018-03-15T08:30:24","slug":"aviso-legal","status":"publish","type":"page","link":"https:\/\/web.iem-emergencia.com\/ca\/aviso-legal\/","title":{"rendered":"AVISO LEGAL"},"content":{"rendered":"<p>[et_pb_section fb_built=\u00bb1&#8243; fullwidth=\u00bbon\u00bb admin_label=\u00bbHero\u00bb _builder_version=\u00bb3.27.3&#8243; use_background_color_gradient=\u00bbon\u00bb background_color_gradient_start=\u00bb#eeeff2&#8243; background_color_gradient_end=\u00bbrgba(238,239,242,0)\u00bb background_color_gradient_direction=\u00bb90deg\u00bb background_color_gradient_start_position=\u00bb33%\u00bb background_color_gradient_end_position=\u00bb52%\u00bb background_color_gradient_overlays_image=\u00bbon\u00bb background_image=\u00bbhttps:\/\/iem-emergencia.cat\/wp-content\/uploads\/2018\/02\/ASP_1638x377.png\u00bb fb_built=\u00bb1&#8243; _i=\u00bb0&#8243; _address=\u00bb0&#8243;][et_pb_fullwidth_header subhead=\u00bbAviso legal\u00bb content_max_width=\u00bb600px\u00bb _builder_version=\u00bb3.27.3&#8243; title_font=\u00bbRubik|700||on|||||\u00bb title_text_color=\u00bb#ff7355&#8243; title_font_size=\u00bb16px\u00bb title_letter_spacing=\u00bb5px\u00bb title_line_height=\u00bb0.5em\u00bb content_font=\u00bbRubik||||||||\u00bb content_font_size=\u00bb18px\u00bb subhead_font=\u00bbRubik|700|||||||\u00bb subhead_text_color=\u00bbrgba(0,0,0,0.8)\u00bb subhead_font_size=\u00bb50px\u00bb subhead_line_height=\u00bb1.5em\u00bb background_color=\u00bbrgba(255,255,255,0)\u00bb use_background_color_gradient=\u00bbon\u00bb background_color_gradient_start=\u00bbrgba(255,255,255,0)\u00bb background_color_gradient_end=\u00bbrgba(255,255,255,0.7)\u00bb background_color_gradient_start_position=\u00bb50%\u00bb background_size=\u00bbcontain\u00bb background_position=\u00bbbottom_center\u00bb custom_button_one=\u00bbon\u00bb button_one_text_size=\u00bb16px\u00bb button_one_text_color=\u00bb#ffffff\u00bb button_one_bg_color=\u00bb#ff7355&#8243; button_one_border_width=\u00bb15px\u00bb button_one_border_color=\u00bbrgba(210,159,104,0)\u00bb button_one_border_radius=\u00bb100px\u00bb button_one_letter_spacing=\u00bb0px\u00bb button_one_font=\u00bbRubik|700|||||||\u00bb button_one_use_icon=\u00bboff\u00bb custom_button_two=\u00bbon\u00bb button_two_text_size=\u00bb16px\u00bb button_two_text_color=\u00bb#ffffff\u00bb button_two_bg_color=\u00bbrgba(0,0,0,0.6)\u00bb button_two_border_width=\u00bb15px\u00bb button_two_border_color=\u00bbrgba(210,159,104,0)\u00bb button_two_border_radius=\u00bb100px\u00bb button_two_letter_spacing=\u00bb0px\u00bb button_two_font=\u00bbRubik|700|||||||\u00bb button_two_use_icon=\u00bboff\u00bb background_layout=\u00bblight\u00bb max_width_last_edited=\u00bboff|desktop\u00bb module_alignment=\u00bbcenter\u00bb custom_margin=\u00bb||44px|||\u00bb custom_padding=\u00bb3vw||2vw|||\u00bb subhead_font_size_phone=\u00bb30px\u00bb subhead_font_size_last_edited=\u00bbon|phone\u00bb button_one_border_radius_hover=\u00bb100px\u00bb button_two_border_radius_hover=\u00bb100px\u00bb button_one_bg_color_hover=\u00bb#ff8a70&#8243; button_two_bg_color_hover=\u00bb#ff8a70&#8243; _i=\u00bb0&#8243; _address=\u00bb0.0&#8243; button_one_text_size__hover_enabled=\u00bboff\u00bb button_two_text_size__hover_enabled=\u00bboff\u00bb button_one_text_color__hover_enabled=\u00bboff\u00bb button_two_text_color__hover_enabled=\u00bboff\u00bb button_one_border_width__hover_enabled=\u00bboff\u00bb button_two_border_width__hover_enabled=\u00bboff\u00bb button_one_border_color__hover_enabled=\u00bboff\u00bb button_two_border_color__hover_enabled=\u00bboff\u00bb button_one_border_radius__hover_enabled=\u00bbon\u00bb button_one_border_radius__hover=\u00bb100px\u00bb button_two_border_radius__hover_enabled=\u00bbon\u00bb button_two_border_radius__hover=\u00bb100px\u00bb button_one_letter_spacing__hover_enabled=\u00bboff\u00bb button_two_letter_spacing__hover_enabled=\u00bboff\u00bb button_one_bg_color__hover_enabled=\u00bbon\u00bb button_one_bg_color__hover=\u00bb#ff8a70&#8243; button_two_bg_color__hover_enabled=\u00bbon\u00bb button_two_bg_color__hover=\u00bb#ff8a70&#8243;]<\/p>\n<p>Llegeix atentament aquest av\u00eds<\/p>\n<p>[\/et_pb_fullwidth_header][\/et_pb_section][et_pb_section fb_built=\u00bb1&#8243; admin_label=\u00bbStaff\u00bb _builder_version=\u00bb3.22&#8243; custom_padding=\u00bb4px||243px|||\u00bb fb_built=\u00bb1&#8243; _i=\u00bb1&#8243; _address=\u00bb1&#8243;][et_pb_row _builder_version=\u00bb3.27.3&#8243; background_enable_color=\u00bboff\u00bb custom_padding=\u00bb15px|||||\u00bb _i=\u00bb0&#8243; _address=\u00bb1.0&#8243;][et_pb_column type=\u00bb4_4&#8243; _builder_version=\u00bb3.27.3&#8243; _i=\u00bb0&#8243; _address=\u00bb1.0.0&#8243;][et_pb_text _builder_version=\u00bb3.27.3&#8243; hover_enabled=\u00bb0&#8243; _i=\u00bb0&#8243; _address=\u00bb1.0.1.0&#8243; text_text_align=\u00bbleft\u00bb]<\/p>\n<p>En compliment de la Llei 34\/2002 de Serveis de la Societat de la Informaci\u00f3 i de Comer\u00e7 Electr\u00f2nic d&#039;Espanya us informem que aquesta p\u00e0gina Web, continguts i imatges publicades s\u00f3n propietat de IEM INSTITUT D&#039;ESTUDIS MEDICOS SL (d&#039;ara endavant \u201cIEM\u201d) amb domicili social al Carrer Salvador Espriu 73-75, Baixos 0806.<\/p>\n<p>Aquestes condicions generals regulen l&#039;\u00fas i l&#039;acc\u00e9s al lloc web i es posa a disposici\u00f3 dels usuaris a trav\u00e9s de l&#039;adre\u00e7a electr\u00f2nica: https:\/\/iem-emerg\u00e8ncia.cat.<\/p>\n<p>Per a qualsevol consulta o proposta podeu adre\u00e7ar-vos a l&#039;e-mail info@iem-emergencia.cat o al tel\u00e8fon +34 93 4335190.<\/p>\n<p><strong>Objecte<\/strong><br \/>El lloc web t\u00e9 per objecte principal informar sobre les activitats de IEM, els seus productes i serveis i possibilitar la realitzaci\u00f3 de consultes.<\/p>\n<p><strong>Condicions d&#039;utilitzaci\u00f3 per a l&#039;usuari<\/strong><br \/>L&#039;usuari es compromet a fer-ne un \u00fas adequat, correcte i l\u00edcit dels continguts i serveis del lloc web. Queden estrictament prohibides les activitats il\u00b7legals, il\u00b7l\u00edcites o contr\u00e0ries a la bona fe ia l&#039;ordre p\u00fablic; i en general, tota conducta que atempti, indueixi o pugui atemptar contra el respecte a la dignitat humana i al principi de no discriminaci\u00f3 per motius de ra\u00e7a, sexe, religi\u00f3, opini\u00f3, nacionalitat o qualsevol altra circumst\u00e0ncia personal o social; contra la protecci\u00f3 de la salut p\u00fablica i dels consumidors i usuaris; o la protecci\u00f3 de la joventut i de la inf\u00e0ncia. Aix\u00ed mateix, queda prohibida tota activitat dirigida a suplantar qualsevol persona o entitat, oa interferir, violar, alterar o desconnectar el sistema, servidors, xarxes o continguts, aix\u00ed com incomplir qualsevol requisit de connexi\u00f3. IEM es reserva el dret a excloure l&#039;usuari del servei sense av\u00eds previ, ia adoptar totes les mesures que consideri oportunes en cada moment, a fi d&#039;evitar les conductes i activitats indicades.<br \/>Responsabilitat<\/p>\n<p>IEM no garanteix que l&#039;acc\u00e9s al lloc web sigui ininterromput o que estigui lliure d&#039;error; com tampoc no es responsabilitza ni garanteix que el contingut o programari al qual es pugui accedir a trav\u00e9s d&#039;aquest lloc web sigui ininterromput, estigui lliure d&#039;error o causi un dany a l&#039;usuari.<\/p>\n<p>IEM no es responsabilitza ni garanteix l&#039;aprofitament de la informaci\u00f3, o contingut d&#039;aquest lloc web que es pogu\u00e9s canalitzar per a prop\u00f2sits particulars i en cap cas ser\u00e0 responsable per les p\u00e8rdues o danys de qualsevol tipus que sorgeixin per l&#039;acc\u00e9s i l&#039;\u00fas de la p\u00e0gina web, com ara virus inform\u00e0tics o algun altre tipus de component nociu.<\/p>\n<ul>\n<li>IEM no assumeix cap responsabilitat amb relaci\u00f3 a la informaci\u00f3, continguts, productes i serveis oferts o prestats a trav\u00e9s del seu portal per terceres persones o entitats, en especial pels danys i perjudicis de qualsevol tipus que vinculats a l&#039;anterior es puguin produir per:<\/li>\n<li>Abs\u00e8ncia o defici\u00e8ncies en la informaci\u00f3 facilitada als usuaris o en la seva veracitat, exactitud o sufici\u00e8ncia.<\/li>\n<li>Incompliment o compliment defectu\u00f3s o impuntual dels contractes o relacions precontractuals.<\/li>\n<li>Incompliment de les obligacions que incumbeixen els prestadors de serveis de la societat de la informaci\u00f3.<\/li>\n<li>Infracci\u00f3 dels drets dels consumidors i usuaris.<\/li>\n<li>Infracci\u00f3 dels drets de propietat industrial i intel\u00b7lectual.<\/li>\n<li>Infracci\u00f3 del dret a la protecci\u00f3 de dades, del secret professional i dels drets a l&#039;honor, a la intimitat personal i familiar ia la imatge de les persones.<\/li>\n<li>En general, l&#039;incompliment de qualssevol lleis, costums o codis de conducta que siguin aplicables.<br \/>IEM tampoc no assumeix cap responsabilitat per danys, perjudicis, p\u00e8rdues, reclamacions o despeses, produ\u00efdes per:<\/li>\n<li>Interfer\u00e8ncies, interrupcions, fallades, omissions, avaries telef\u00f2niques, retards, bloquejos o desconnexions en el funcionament del sistema electr\u00f2nic, motivades per defici\u00e8ncies, sobrec\u00e0rregues i errors a les l\u00ednies i xarxes de telecomunicacions, o per qualsevol altra causa aliena al control de l&#039;IEM.<\/li>\n<li>Intromissions il\u00b7leg\u00edtimes mitjan\u00e7ant l&#039;\u00fas de programes malignes de qualsevol tipus de comunicaci\u00f3, com ara virus inform\u00e0tics o qualssevol altres.<\/li>\n<li>\u00das indegut o inadequat de les p\u00e0gines web de IEM.<\/li>\n<li>Errors de seguretat, o navegaci\u00f3 produ\u00efts per un mal funcionament del navegador o per l\u00fas de versions no actualitzades del mateix.<\/li>\n<\/ul>\n<p>IEM no \u00e9s responsable de la informaci\u00f3 i altres continguts integrats en espais o p\u00e0gines web de tercers accessibles des del portal d&#039;IEM mitjan\u00e7ant enlla\u00e7os, hipervincles o links, ni de la informaci\u00f3 i altres continguts integrats en espais o p\u00e0gines web de tercers des dels quals s&#039;accedeixi mitjan\u00e7ant enlla\u00e7os, hipervincles o links al portal d&#039;IEM oa qualsevol de les seves p\u00e0gines signes distintius d&#039;IEM, llevat d&#039;autoritzaci\u00f3 expressa d&#039;aquest darrer.<\/p>\n<p><strong>Modificacions<\/strong><br \/>IEM es reserva tots els drets per modificar, limitar o cancel\u00b7lar els termes i condicions aplicables a aquesta seu web, no assumint cap responsabilitat sobre la seva actualitzaci\u00f3, aix\u00ed com la facultat d&#039;efectuar totes les modificacions en la configuraci\u00f3 o presentaci\u00f3 del web estime oportuns, en qualsevol moment i sense previ av\u00eds.<\/p>\n<p>La informaci\u00f3 continguda a la p\u00e0gina web \u00e9s la vigent a la data de la seva \u00faltima actualitzaci\u00f3 i els continguts del portal, en especial les refer\u00e8ncies informatives i publicit\u00e0ries, llevat que expressament s&#039;indiqui el contrari, no constitueixen oferta vinculant.<\/p>\n<p>IEM es reserva el dret d&#039;exercitar les accions legals oportunes contra aquells USUARIS que vulnerin les presents condicions generals d&#039;\u00fas, acceptant l&#039;USUARI que la no iniciaci\u00f3 d&#039;aquestes accions no constitueix una ren\u00fancia formal a aquestes, i romanen vigents fins als terminis de prescripci\u00f3 de les infraccions.<\/p>\n<p>[\/et_pb_text][\/et_pb_column][\/et_pb_row][\/et_pb_section]<\/p>","protected":false},"excerpt":{"rendered":"<p>Lee atentamente este avisoEn cumplimiento de la Ley 34\/2002 de Servicios de la Sociedad de la Informaci\u00f3n y de Comercio Electr\u00f3nico de Espa\u00f1a le informamos que esta p\u00e1gina Web, contenidos [&hellip;]<\/p>","protected":false},"author":1,"featured_media":0,"parent":0,"menu_order":0,"comment_status":"closed","ping_status":"closed","template":"","meta":{"_et_pb_use_builder":"on","_et_pb_old_content":"<p>En cumplimiento de la Ley 34\/2002 de Servicios de la Sociedad de la Informaci\u00f3n y de Comercio Electr\u00f3nico de Espa\u00f1a le informamos que esta p\u00e1gina Web, contenidos e im\u00e1genes en ella publicadas son propiedad de IEM INSTITUTO DE ESTUDIOS MEDICOS SL (en adelante \u201cIEM\u201d) con domicilio social en Calle Salvador Espriu 73-75, Bajos 08005 Barcelona con N.I.F. B60705068-<\/p><p>Las presentes condiciones generales regulan el uso y acceso al sitio web y se pone a disposici\u00f3n de los usuarios a trav\u00e9s de la direcci\u00f3n electr\u00f3nica:\u00a0<a href=\"https:\/\/iem-emergencia.cat\/\">https:\/\/iem-emergencia.cat<\/a>.<\/p><p>Para cualquier consulta o propuesta puede dirigirse en el e-mail <a href=\"mailto:info@iem-emergencia.cat\">info@iem-emergencia.cat<\/a>\u00a0o en el tel\u00e9fono +34 93 4335190.<\/p><div class=\"totalbusiness-shortcode-wrapper\"><div class=\"totalbusiness-item-title-wrapper totalbusiness-item totalbusiness-left-divider totalbusiness-large \"><div class=\"totalbusiness-item-title-container container\"><div class=\"totalbusiness-item-title-head\"><h3 class=\"totalbusiness-item-title totalbusiness-skin-title totalbusiness-skin-border\">Objeto<\/h3><\/div><\/div><\/div><\/div><p>El sitio web tiene por objeto principal informar sobre las actividades de IEM, sus productos y servicios y posibilitar la realizaci\u00f3n de consultas.<\/p><div class=\"totalbusiness-shortcode-wrapper\"><div class=\"totalbusiness-item-title-wrapper totalbusiness-item totalbusiness-left-divider totalbusiness-large \"><div class=\"totalbusiness-item-title-container container\"><div class=\"totalbusiness-item-title-head\"><h3 class=\"totalbusiness-item-title totalbusiness-skin-title totalbusiness-skin-border\">Condiciones de utilizaci\u00f3n para el usuario<\/h3><\/div><\/div><\/div><\/div><p>El usuario se compromete a hacer un uso adecuado, correcto y l\u00edcito de los contenidos y servicios del sitio web. Quedan estrictamente prohibidas las actividades ilegales, il\u00edcitas o contrarias a la buena fe y al orden p\u00fablico; y en general, toda conducta que atente, induzca o pueda atentar contra el respeto a la dignidad humana y a principio de no discriminaci\u00f3n por motivos de raza, sexo, religi\u00f3n, opini\u00f3n, nacionalidad o cualquier otra circunstancia personal o social; contra la protecci\u00f3n de la salud p\u00fablica y de los consumidores y usuarios; o la protecci\u00f3n de la juventud y de la infancia. Asimismo queda prohibida toda actividad dirigida a suplantar a cualquier persona o entidad, o a interferir, violar, alterar o desconectar el sistema, servidores, redes o contenidos, as\u00ed como, incumplir cualquier requisito de conexi\u00f3n. IEM se reserva el derecho a excluir al usuario del servicio sin previo aviso, y a adoptar cuantas medidas considere oportunas en cada momento, a fin de evitar las conductas y actividades indicadas.<\/p><div class=\"totalbusiness-shortcode-wrapper\"><div class=\"totalbusiness-item-title-wrapper totalbusiness-item totalbusiness-left-divider totalbusiness-large \"><div class=\"totalbusiness-item-title-container container\"><div class=\"totalbusiness-item-title-head\"><h3 class=\"totalbusiness-item-title totalbusiness-skin-title totalbusiness-skin-border\">Responsabilidad<\/h3><\/div><\/div><\/div><\/div><p>IEM no garantiza que el acceso a la web site sea ininterrumpido o que est\u00e9 libre de error; como tampoco se responsabiliza ni garantiza que el contenido o software al que se pueda acceder a trav\u00e9s de esta web site sea ininterrumpido, est\u00e9 libre de error o cause un da\u00f1o al usuario.<\/p><p>IEM no se responsabiliza ni garantiza el aprovechamiento de la informaci\u00f3n, o contenido de esta web site que se pudiera canalizar para prop\u00f3sitos particulares y en ning\u00fan caso ser\u00e1 responsable por las p\u00e9rdidas o da\u00f1os de cualquier tipo que surjan por el acceso y el uso de la p\u00e1gina web, como por ejemplo, virus inform\u00e1ticos o alg\u00fan otro tipo de componente da\u00f1ino.<\/p><p>IEM no asume responsabilidad alguna con relaci\u00f3n a la informaci\u00f3n, contenidos, productos y servicios ofertados o prestados a trav\u00e9s de su portal por terceras personas o entidades, en especial por los da\u00f1os y perjuicios de cualquier tipo que vinculados a lo anterior pudieran producirse por:<\/p><ul><li>Ausencia o deficiencias en la informaci\u00f3n facilitada a los usuarios o en su veracidad, exactitud o suficiencia.<\/li><li>Incumplimiento o cumplimiento defectuoso o impuntual de los contratos o relaciones precontractuales.<\/li><li>Incumplimiento de las obligaciones que incumben a los prestadores de servicios de la sociedad de la informaci\u00f3n.<\/li><li>Infracci\u00f3n de los derechos de los consumidores y usuarios.<\/li><li>Infracci\u00f3n de los derechos de Propiedad Industrial e Intelectual.<\/li><li>Infracci\u00f3n del derecho a la protecci\u00f3n de datos, del secreto profesional y de los derechos al honor, a la intimidad personal y familiar y a la imagen de las personas.<\/li><li>En general el incumplimiento de cualesquiera leyes, costumbres o c\u00f3digos de conducta que resulten de aplicaci\u00f3n.<\/li><\/ul><p>IEM tampoco asume responsabilidad alguna por da\u00f1os, perjuicios, p\u00e9rdidas, reclamaciones o gastos, producidos por:<\/p><ul><li>Interferencias, interrupciones, fallos, omisiones, aver\u00edas telef\u00f3nicas, retrasos, bloqueos o desconexiones en el funcionamiento del sistema electr\u00f3nico, motivadas por deficiencias, sobrecargas y errores en las l\u00edneas y redes de telecomunicaciones, o por cualquier otra causa ajena al control de IEM.<\/li><li>Intromisiones ileg\u00edtimas mediante el uso de programas malignos de cualquier tipo de comunicaci\u00f3n, tales como virus inform\u00e1ticos o cualesquiera otros.<\/li><li>Uso indebido o inadecuado de las p\u00e1ginas web de IEM.<\/li><li>Errores de seguridad, o navegaci\u00f3n producidos por un mal funcionamiento del navegador o por el uso de versiones no actualizadas del mismo.<\/li><\/ul><p>IEM no es responsable de la informaci\u00f3n y dem\u00e1s contenidos integrados en espacios o p\u00e1ginas web de terceros accesibles desde el portal de IEM mediante enlaces, hiperv\u00ednculos o links, ni de la informaci\u00f3n y dem\u00e1s contenidos integrados en espacios o p\u00e1ginas web de terceros desde los que se acceda mediante enlaces, hiperv\u00ednculos o links al portal de IEM o a cualquiera de sus p\u00e1ginas web, ni de informaci\u00f3n y contenidos de cualquier p\u00e1gina web de terceros que se presente bajo la apariencia o signos distintivos de IEM, salvo autorizaci\u00f3n expresa de \u00e9ste \u00faltimo.<\/p><div class=\"totalbusiness-shortcode-wrapper\"><div class=\"totalbusiness-item-title-wrapper totalbusiness-item totalbusiness-left-divider totalbusiness-large \"><div class=\"totalbusiness-item-title-container container\"><div class=\"totalbusiness-item-title-head\"><h3 class=\"totalbusiness-item-title totalbusiness-skin-title totalbusiness-skin-border\">Modificaciones<\/h3><\/div><\/div><\/div><\/div><p>IEM se reserva todos los derechos para modificar, limitar o cancelar los t\u00e9rminos y condiciones aplicables a esta sede web, no asumiendo responsabilidad alguna sobre su actualizaci\u00f3n, as\u00ed como la facultad de efectuar cuantas modificaciones en la configuraci\u00f3n o presentaci\u00f3n de la web estime oportunos, en cualquier momento y sin previo aviso.<\/p><p>La informaci\u00f3n contenida en la p\u00e1gina web es la vigente en la fecha de su \u00faltima actualizaci\u00f3n y los contenidos del portal, en especial las referencias informativas y publicitarias, salvo que expresamente se indique lo contrario, no constituyen oferta vinculante.<\/p><p>IEM se reserva el derecho de ejercitar las acciones legales oportunas contra aquellos USUARIOS que vulneren las presentes condiciones generales de uso, aceptando el USUARIO que la no iniciaci\u00f3n de estas acciones no constituye una renuncia formal a los mismas, permaneciendo \u00e9stas vigentes hasta los plazos de prescripci\u00f3n de las infracciones.<\/p>","_et_gb_content_width":"","footnotes":""},"class_list":["post-728","page","type-page","status-publish","hentry"],"_links":{"self":[{"href":"https:\/\/web.iem-emergencia.com\/ca\/wp-json\/wp\/v2\/pages\/728","targetHints":{"allow":["GET"]}}],"collection":[{"href":"https:\/\/web.iem-emergencia.com\/ca\/wp-json\/wp\/v2\/pages"}],"about":[{"href":"https:\/\/web.iem-emergencia.com\/ca\/wp-json\/wp\/v2\/types\/page"}],"author":[{"embeddable":true,"href":"https:\/\/web.iem-emergencia.com\/ca\/wp-json\/wp\/v2\/users\/1"}],"replies":[{"embeddable":true,"href":"https:\/\/web.iem-emergencia.com\/ca\/wp-json\/wp\/v2\/comments?post=728"}],"version-history":[{"count":0,"href":"https:\/\/web.iem-emergencia.com\/ca\/wp-json\/wp\/v2\/pages\/728\/revisions"}],"wp:attachment":[{"href":"https:\/\/web.iem-emergencia.com\/ca\/wp-json\/wp\/v2\/media?parent=728"}],"curies":[{"name":"wp","href":"https:\/\/api.w.org\/{rel}","templated":true}]}}