{"id":69,"date":"2018-02-18T23:03:13","date_gmt":"2018-02-18T23:03:13","guid":{"rendered":"https:\/\/iem-emergencia.cat\/?page_id=69"},"modified":"2022-07-01T11:54:14","modified_gmt":"2022-07-01T09:54:14","slug":"revisiones-medicas-de-buceo","status":"publish","type":"page","link":"https:\/\/web.iem-emergencia.com\/ca\/medicina-subacuatica-e-hiperbarica\/revisiones-medicas-de-buceo\/","title":{"rendered":"Revisiones M\u00e9dicas de Buceo"},"content":{"rendered":"<p>[et_pb_section fb_built=\u00bb1&#8243; _builder_version=\u00bb4.17.4&#8243; _module_preset=\u00bbdefault\u00bb background_enable_color=\u00bboff\u00bb use_background_color_gradient=\u00bbon\u00bb background_color_gradient_direction=\u00bb125deg\u00bb background_color_gradient_stops=\u00bb#fcfcfc 50%|#ffffff 60%|rgba(115,115,115,0) 60%|rgba(0,0,0,0.02) 100%\u00bb background_color_gradient_overlays_image=\u00bbon\u00bb background_image=\u00bbhttps:\/\/web.iem-emergencia.com\/wp-content\/uploads\/2022\/06\/b-revisionesbuceo.jpg\u00bb background_size=\u00bbcontain\u00bb background_position=\u00bbcenter_right\u00bb background_horizontal_offset=\u00bb0%\u00bb background_enable_pattern_style=\u00bbon\u00bb background_pattern_style=\u00bbdiagonal-stripes-2&#8243; background_pattern_color=\u00bbrgba(0,0,0,0.02)\u00bb background_pattern_size=\u00bbcustom\u00bb background_pattern_width=\u00bb22px\u00bb background_pattern_height=\u00bb30px\u00bb background_pattern_horizontal_offset=\u00bb0%\u00bb custom_margin=\u00bb5px||5px||true|false\u00bb custom_padding=\u00bb15px||15px||true|false\u00bb hover_enabled=\u00bb0&#8243; global_colors_info=\u00bb{}\u00bb theme_builder_area=\u00bbpost_content\u00bb title_text=\u00bbb-revisionesbuceo\u00bb sticky_enabled=\u00bb0&#8243; da_is_popup=\u00bboff\u00bb da_exit_intent=\u00bboff\u00bb da_has_close=\u00bbon\u00bb da_alt_close=\u00bboff\u00bb da_dark_close=\u00bboff\u00bb da_not_modal=\u00bbon\u00bb da_is_singular=\u00bboff\u00bb da_with_loader=\u00bboff\u00bb da_has_shadow=\u00bbon\u00bb da_disable_devices=\u00bboff|off|off\u00bb][et_pb_row _builder_version=\u00bb4.17.4&#8243; _module_preset=\u00bbdefault\u00bb custom_margin=\u00bb|auto|-5px|auto||\u00bb global_colors_info=\u00bb{}\u00bb theme_builder_area=\u00bbpost_content\u00bb][et_pb_column type=\u00bb4_4&#8243; _builder_version=\u00bb4.17.4&#8243; _module_preset=\u00bbdefault\u00bb global_colors_info=\u00bb{}\u00bb theme_builder_area=\u00bbpost_content\u00bb][et_pb_text _builder_version=\u00bb4.17.4&#8243; _module_preset=\u00bbdefault\u00bb text_font_size=\u00bb17px\u00bb text_line_height=\u00bb1.8em\u00bb header_font_size=\u00bb40px\u00bb hover_enabled=\u00bb0&#8243; global_colors_info=\u00bb{}\u00bb theme_builder_area=\u00bbpost_content\u00bb sticky_enabled=\u00bb0&#8243;]<\/p>\n<h1>Revisions m\u00e8diques de busseig<\/h1>\n<p>Revisions m\u00e8diques oficials de busseig esportiu i professional<\/p>\n<p>[\/et_pb_text][\/et_pb_column][\/et_pb_row][\/et_pb_section][et_pb_section fb_built=\u00bb1&#8243; admin_label=\u00bbStaff\u00bb _builder_version=\u00bb4.16&#8243; custom_padding=\u00bb3px|||||\u00bb global_colors_info=\u00bb{}\u00bb da_is_popup=\u00bboff\u00bb da_exit_intent=\u00bboff\u00bb da_has_close=\u00bbon\u00bb da_alt_close=\u00bboff\u00bb da_dark_close=\u00bboff\u00bb da_not_modal=\u00bbon\u00bb da_is_singular=\u00bboff\u00bb da_with_loader=\u00bboff\u00bb da_has_shadow=\u00bbon\u00bb da_disable_devices=\u00bboff|off|off\u00bb][et_pb_row column_structure=\u00bb2_3,1_3&#8243; _builder_version=\u00bb4.16&#8243; width=\u00bb100%\u00bb module_alignment=\u00bbcenter\u00bb custom_padding=\u00bb63px||1px|||\u00bb global_colors_info=\u00bb{}\u00bb][et_pb_column type=\u00bb2_3&#8243; _builder_version=\u00bb4.16&#8243; global_colors_info=\u00bb{}\u00bb][et_pb_text _builder_version=\u00bb4.17.4&#8243; text_font=\u00bb||||||||\u00bb header_2_font=\u00bbRaleway||||||||\u00bb custom_margin=\u00bb||11px|||\u00bb hover_enabled=\u00bb0&#8243; global_colors_info=\u00bb{}\u00bb sticky_enabled=\u00bb0&#8243;]<\/p>\n<p>L&#039;IEM \u00e9s un centre de refer\u00e8ncia en revisions m\u00e8diques ofcials, consultes i informes pericials de Medicina Subaqu\u00e0tica i Hiperb\u00e0rica (m\u00e9s de 1.000 persones en els darrers 3 anys) realitzades per metges titulats i reconeguts en aquesta especialitat per les administracions p\u00fabliques a Espanya segons el que disposa l&#039;article 21 de l&#039;Ordre minister de 9 de l&#039;Ordre ministerial. Tamb\u00e9 s&#039;elaboren informes pericials per a processos judicials.<strong>\u00a0<\/strong><\/p>\n<p><strong><\/strong><\/p>\n<p><strong>DADES B\u00c0SIQUES PER A UNA REVISI\u00d3 M\u00c8DICA DE BUSSEIG<\/strong><\/p>\n<p>La revisi\u00f3 es porta a terme en aproximadament 30 minuts i t\u00e9 un cost de <strong>65\u20ac<\/strong>.<\/p>\n<p>Entre altres, les proves b\u00e0siques que es realitzen s\u00f3n:<\/p>\n<ul>\n<li>Anamnesi dirigida a l&#039;entorn de la fisiopatologia del busseig.<\/li>\n<li>Exploraci\u00f3 f\u00edsica (cardiovascular, respirat\u00f2ria, musculoesquel\u00e8tica, neurol\u00f2gica, etc.)<\/li>\n<li>Monitoritzaci\u00f3 electrocardiogr\u00e0fica en rep\u00f2s i en activitat relacionada.<\/li>\n<li>Altres monitoritzacions (oximetria, cooximetria, TA, etc.)<\/li>\n<li>D&#039;altres, depenent del pacient, i de l&#039;evoluci\u00f3 de la revisi\u00f3 inicial pr\u00f2pia.<\/li>\n<\/ul>\n<p><strong><\/strong><\/p>\n<p><strong>DOCUMENTACI\u00d3 NECESS\u00c0RIA\u00a0<\/strong><\/p>\n<p>Cal aportar la documentaci\u00f3 seg\u00fcent:<\/p>\n<ul>\n<li>Impr\u00e8s del Certificat m\u00e8dic oficial. Disponible a qualsevol estanc.<\/li>\n<li>Cartilla de busseig professional: obligat\u00f2ria per als bussejadors\/es professionals.<\/li>\n<li>Llibreta de busseig esportiu: segons l&#039;organitzaci\u00f3<\/li>\n<\/ul>\n<p><strong><\/strong><\/p>\n<p><strong>DOCUMENTACI\u00d3 OPCIONAL I RECOMANABLE:<\/strong><\/p>\n<ul>\n<li>Proves i informes m\u00e8dics recents<strong>\u00a0<\/strong><\/li>\n<\/ul>\n<p>&nbsp;<\/p>\n<p>[\/et_pb_text][et_pb_image src=\u00bbhttps:\/\/iem-emergencia.cat\/wp-content\/uploads\/2018\/02\/medicina-hiperbarica_880x349.png\u00bb _builder_version=\u00bb4.16&#8243; global_colors_info=\u00bb{}\u00bb][\/et_pb_image][\/et_pb_column][et_pb_column type=\u00bb1_3&#8243; _builder_version=\u00bb4.16&#8243; global_colors_info=\u00bb{}\u00bb][et_pb_blurb title=\u00bbSolicitar cita previa\u00bb url=\u00bb\/contacto\/\u00bb use_icon=\u00bbon\u00bb font_icon=\u00bb&#xe023;||divi||400&#8243; icon_color=\u00bb#ffffff\u00bb image_icon_background_color=\u00bb#b22121&#8243; image_icon_width=\u00bb48px\u00bb _builder_version=\u00bb4.16&#8243; background_color=\u00bbrgba(150,21,7,0.08)\u00bb image_icon_custom_padding=\u00bb25px|25px|25px|25px|false|false\u00bb text_orientation=\u00bbcenter\u00bb custom_padding=\u00bb26px|20px|26px|20px|true|true\u00bb link_option_url=\u00bb\/contacto\/\u00bb border_radii_image=\u00bbon|100%|100%|100%|100%\u00bb box_shadow_style=\u00bbpreset1&#8243; use_circle=\u00bbon\u00bb global_colors_info=\u00bb{}\u00bb image_icon_background_color__sticky_enabled=\u00bb#b22121&#8243; image_icon_background_color__sticky=\u00bb#b22121&#8243;]<\/p>\n<p>Per concretar dia i hora, truqueu-nos per tel\u00e8fon al 93.433.51.90 i us assignarem la visita m\u00e8dica.<\/p>\n<p>El nostre horari habitual \u00e9s de 9.00 a 18.00 h. de dilluns a dijous i de 9.00 a 15.00 els divendres.<\/p>\n<p>[\/et_pb_blurb][\/et_pb_column][\/et_pb_row][\/et_pb_section]<\/p>","protected":false},"excerpt":{"rendered":"<p>Revisiones m\u00e9dicas de buceo Revisiones m\u00e9dicas oficiales de buceo deportivo y profesionalEl IEM es un centro de referencia en revisiones m\u00e9dicas ofciales, consultas e informes periciales \u00a0de Medicina Subacu\u00e1tica e [&hellip;]<\/p>","protected":false},"author":1,"featured_media":71,"parent":67,"menu_order":0,"comment_status":"closed","ping_status":"closed","template":"","meta":{"_et_pb_use_builder":"on","_et_pb_old_content":"<h2><span style=\"color: #de7676;\"><strong>Revisiones m\u00e9dicas oficiales de buceo deportivo y profesional<\/strong><\/span><\/h2>\nEl IEM es un centro de referencia en revisiones m\u00e9dicas ofciales, consultas e informes periciales \u00a0de Medicina Subacu\u00e1tica e Hiperb\u00e1rica (m\u00e1s de 1.000 personas en los \u00faltimos 3 a\u00f1os) realizadas por m\u00e9dicos titulados y reconocidos en esta especialidad por las administraciones p\u00fablicas en Espa\u00f1a seg\u00fan lo que dispone el art\u00edculo 25 de la Orden ministerial de 14 de octubre de 1997 sobre normas de seguridad en actividades de buceo. Tambi\u00e9n se elaboran informes periciales para procesos judiciales.<strong>\u00a0<\/strong>\n\n<strong>DATOS B\u00c1SICOS PARA UNA REVISI\u00d3N M\u00c9DICA DE BUCEO<\/strong>\n\nLa revisi\u00f3n se lleva a cabo en aproximadamente 30 minutos y tiene un coste de 60\u20ac.\n\nEntre otras, las pruebas b\u00e1sicas que se realizan son:\n<ul>\n \t<li>Anamnesis dirigida en el entorno de la fisiopatolog\u00eda del buceo.<\/li>\n \t<li>Exploraci\u00f3n f\u00edsica (cardiovascular, respiratoria, m\u00fasculo-esquel\u00e9tica, neurol\u00f3gica, etc.)<\/li>\n \t<li>Monitorizaci\u00f3n electrocardiogr\u00e1fica en reposo y en actividad relacionada.<\/li>\n \t<li>Otras monitorizaciones (oximetr\u00eda, cooximetr\u00eda, TA, etc.)<\/li>\n \t<li>Otras, dependiendo del paciente, y de la evoluci\u00f3n de la propia revisi\u00f3n inicial.<\/li>\n<\/ul>\n<strong>DOCUMENTACI\u00d3N NECESARIA\u00a0<\/strong>\n\nEs necesario aportar la siguiente documentaci\u00f3n:\n<ul>\n \t<li>Impreso del Certificado m\u00e9dico oficial. Disponible en cualquier estanco.<\/li>\n \t<li>Cartilla de buceo profesional: obligatoria para los buceadores\/as profesionales.<\/li>\n \t<li>Libreta de buceo deportivo: seg\u00fan la organizaci\u00f3n<\/li>\n<\/ul>\n<strong>DOCUMENTACI\u00d3N OPCIONAL Y RECOMENDABLE:<\/strong>\n<ul>\n \t<li>Pruebas e informes m\u00e9dicos recientes<strong>\u00a0<\/strong><\/li>\n<\/ul>\n&nbsp;\n\n<strong>SOLICITAR CITA PREVIA<\/strong>\n\nPara concretar d\u00eda y hora, ll\u00e1menos por tel\u00e9fono al 93.433.51.90 y le asignaremos la visita m\u00e9dica. Nuestro horario habitual es de 9:00 a 18:00h. de lunes a jueves y de 9:00 a 15:00 los viernes.","_et_gb_content_width":"","footnotes":""},"class_list":["post-69","page","type-page","status-publish","has-post-thumbnail","hentry"],"_links":{"self":[{"href":"https:\/\/web.iem-emergencia.com\/ca\/wp-json\/wp\/v2\/pages\/69","targetHints":{"allow":["GET"]}}],"collection":[{"href":"https:\/\/web.iem-emergencia.com\/ca\/wp-json\/wp\/v2\/pages"}],"about":[{"href":"https:\/\/web.iem-emergencia.com\/ca\/wp-json\/wp\/v2\/types\/page"}],"author":[{"embeddable":true,"href":"https:\/\/web.iem-emergencia.com\/ca\/wp-json\/wp\/v2\/users\/1"}],"replies":[{"embeddable":true,"href":"https:\/\/web.iem-emergencia.com\/ca\/wp-json\/wp\/v2\/comments?post=69"}],"version-history":[{"count":0,"href":"https:\/\/web.iem-emergencia.com\/ca\/wp-json\/wp\/v2\/pages\/69\/revisions"}],"up":[{"embeddable":true,"href":"https:\/\/web.iem-emergencia.com\/ca\/wp-json\/wp\/v2\/pages\/67"}],"wp:featuredmedia":[{"embeddable":true,"href":"https:\/\/web.iem-emergencia.com\/ca\/wp-json\/"}],"wp:attachment":[{"href":"https:\/\/web.iem-emergencia.com\/ca\/wp-json\/wp\/v2\/media?parent=69"}],"curies":[{"name":"wp","href":"https:\/\/api.w.org\/{rel}","templated":true}]}}