{"id":45,"date":"2018-02-18T22:28:33","date_gmt":"2018-02-18T22:28:33","guid":{"rendered":"https:\/\/iem-emergencia.cat\/?page_id=45"},"modified":"2022-06-30T00:04:42","modified_gmt":"2022-06-29T22:04:42","slug":"servicios-preventivos-sanitarios","status":"publish","type":"page","link":"https:\/\/web.iem-emergencia.com\/ca\/servicios\/servicios-preventivos-sanitarios\/","title":{"rendered":"Servicios preventivos Sanitarios"},"content":{"rendered":"<p>[et_pb_section fb_built=\u00bb1&#8243; _builder_version=\u00bb4.17.4&#8243; _module_preset=\u00bbdefault\u00bb background_enable_color=\u00bboff\u00bb use_background_color_gradient=\u00bbon\u00bb background_color_gradient_direction=\u00bb125deg\u00bb background_color_gradient_stops=\u00bb#fcfcfc 50%|#ffffff 60%|rgba(115,115,115,0) 60%|rgba(0,0,0,0.02) 100%\u00bb background_color_gradient_overlays_image=\u00bbon\u00bb background_image=\u00bbhttps:\/\/web.iem-emergencia.com\/wp-content\/uploads\/2022\/06\/b-preventius.jpg\u00bb background_size=\u00bbcontain\u00bb background_position=\u00bbcenter_right\u00bb background_horizontal_offset=\u00bb0%\u00bb background_enable_pattern_style=\u00bbon\u00bb background_pattern_style=\u00bbdiagonal-stripes-2&#8243; background_pattern_color=\u00bbrgba(0,0,0,0.02)\u00bb background_pattern_size=\u00bbcustom\u00bb background_pattern_width=\u00bb22px\u00bb background_pattern_height=\u00bb30px\u00bb background_pattern_horizontal_offset=\u00bb0%\u00bb custom_margin=\u00bb5px||5px||true|false\u00bb custom_padding=\u00bb15px||15px||true|false\u00bb hover_enabled=\u00bb0&#8243; global_colors_info=\u00bb{}\u00bb theme_builder_area=\u00bbpost_content\u00bb title_text=\u00bbb-preventius\u00bb sticky_enabled=\u00bb0&#8243; da_is_popup=\u00bboff\u00bb da_exit_intent=\u00bboff\u00bb da_has_close=\u00bbon\u00bb da_alt_close=\u00bboff\u00bb da_dark_close=\u00bboff\u00bb da_not_modal=\u00bbon\u00bb da_is_singular=\u00bboff\u00bb da_with_loader=\u00bboff\u00bb da_has_shadow=\u00bbon\u00bb da_disable_devices=\u00bboff|off|off\u00bb][et_pb_row _builder_version=\u00bb4.17.4&#8243; _module_preset=\u00bbdefault\u00bb custom_margin=\u00bb|auto|-5px|auto||\u00bb global_colors_info=\u00bb{}\u00bb theme_builder_area=\u00bbpost_content\u00bb][et_pb_column type=\u00bb4_4&#8243; _builder_version=\u00bb4.17.4&#8243; _module_preset=\u00bbdefault\u00bb global_colors_info=\u00bb{}\u00bb theme_builder_area=\u00bbpost_content\u00bb][et_pb_text _builder_version=\u00bb4.17.4&#8243; _module_preset=\u00bbdefault\u00bb text_font_size=\u00bb17px\u00bb text_line_height=\u00bb1.8em\u00bb header_font_size=\u00bb40px\u00bb hover_enabled=\u00bb0&#8243; global_colors_info=\u00bb{}\u00bb theme_builder_area=\u00bbpost_content\u00bb sticky_enabled=\u00bb0&#8243;]<\/p>\n<h1>Serveis preventius sanitaris<\/h1>\n<p>[\/et_pb_text][\/et_pb_column][\/et_pb_row][\/et_pb_section][et_pb_section fb_built=\u00bb1&#8243; admin_label=\u00bbStaff\u00bb _builder_version=\u00bb4.16&#8243; custom_padding=\u00bb3px|||||\u00bb da_disable_devices=\u00bboff|off|off\u00bb global_colors_info=\u00bb{}\u00bb da_is_popup=\u00bboff\u00bb da_exit_intent=\u00bboff\u00bb da_has_close=\u00bbon\u00bb da_alt_close=\u00bboff\u00bb da_dark_close=\u00bboff\u00bb da_not_modal=\u00bbon\u00bb da_is_singular=\u00bboff\u00bb da_with_loader=\u00bboff\u00bb da_has_shadow=\u00bbon\u00bb][et_pb_row column_structure=\u00bb2_3,1_3&#8243; _builder_version=\u00bb4.16&#8243; width=\u00bb100%\u00bb module_alignment=\u00bbcenter\u00bb custom_padding=\u00bb63px||1px|||\u00bb global_colors_info=\u00bb{}\u00bb][et_pb_column type=\u00bb2_3&#8243; _builder_version=\u00bb4.16&#8243; global_colors_info=\u00bb{}\u00bb][et_pb_text _builder_version=\u00bb4.17.4&#8243; text_font=\u00bb||||||||\u00bb header_2_font=\u00bbRaleway||||||||\u00bb custom_margin=\u00bb||71px|||\u00bb global_colors_info=\u00bb{}\u00bb]<\/p>\n<p>L&#039;IEM disposa des de l&#039;any 2006 d&#039;una \u00e0rea espec\u00edfica que ofereix serveis preventius i consultoria especialitzats a l&#039;\u00e0mbit assistencial sanitari. Comptem amb personal sanitari i de rescat qualificat amb un perfil d\u00b4alta especialitzaci\u00f3 clarament prehospitalari amb una \u00e0mplia experi\u00e8ncia professional.<\/p>\n<p>A l&#039;IEM considerem que en determinats \u00e0mbits cal comptar amb la pres\u00e8ncia d&#039;un Servei Preventiu d&#039;Assist\u00e8ncia Sanit\u00e0ria Immediata capa\u00e7 de poder resoldre amb efic\u00e0cia i efici\u00e8ncia un accident fins a l&#039;arribada dels serveis d&#039;emerg\u00e8ncies. Segons les caracter\u00edstiques de l&#039;esdeveniment, dissenyem i adaptem els equips preventius sanitaris a les necessitats de les entitats organitzadores.<\/p>\n<p>Aix\u00ed mateix, l&#039;IEM tamb\u00e9 pot exercir com a entitat consultora amb la finalitat d&#039;oferir recomanacions de cara a la planificaci\u00f3 dels equips preventius sanitaris, en aspectes com la ubicaci\u00f3, la composici\u00f3 o el nombre d&#039;unitats necess\u00e0ries per garantir la seguretat en aquest aspecte de qualsevol. tipus d&#039;esdeveniment<\/p>\n<p>[\/et_pb_text][\/et_pb_column][et_pb_column type=\u00bb1_3&#8243; _builder_version=\u00bb4.16&#8243; global_colors_info=\u00bb{}\u00bb][et_pb_blurb title=\u00bb\u00bfNecesitas nuestro servicio?\u00bb url=\u00bb\/contacto\/\u00bb use_icon=\u00bbon\u00bb font_icon=\u00bb&#x6c;||divi||400&#8243; icon_color=\u00bb#ffffff\u00bb image_icon_background_color=\u00bb#b22121&#8243; image_icon_width=\u00bb48px\u00bb _builder_version=\u00bb4.16&#8243; background_color=\u00bbrgba(150,21,7,0.08)\u00bb image_icon_custom_padding=\u00bb25px|25px|25px|25px|false|false\u00bb text_orientation=\u00bbcenter\u00bb custom_padding=\u00bb26px|10px|26px|10px|true|true\u00bb link_option_url=\u00bb\/contacto\/\u00bb border_radii_image=\u00bbon|100%|100%|100%|100%\u00bb box_shadow_style=\u00bbpreset1&#8243; use_circle=\u00bbon\u00bb global_colors_info=\u00bb{}\u00bb image_icon_background_color__sticky_enabled=\u00bb#b22121&#8243; image_icon_background_color__sticky=\u00bb#b22121&#8243;]<\/p>\n<p>Contacta amb nosaltres perqu\u00e8 et puguem assessorar.<\/p>\n<p>[\/et_pb_blurb][\/et_pb_column][\/et_pb_row][\/et_pb_section]<\/p>","protected":false},"excerpt":{"rendered":"<p>Servicios preventivos sanitariosEl IEM dispone desde el a\u00f1o 2006 de un \u00e1rea espec\u00edfica que ofrece servicios preventivos y consultor\u00eda especializados en el \u00e1mbito asistencial sanitario. Contamos con personal sanitario y [&hellip;]<\/p>","protected":false},"author":1,"featured_media":46,"parent":31,"menu_order":0,"comment_status":"closed","ping_status":"closed","template":"","meta":{"_et_pb_use_builder":"on","_et_pb_old_content":"<h3><strong>Servicios preventivos sanitarios<\/strong><\/h3>\nEl IEM dispone desde el a\u00f1o 2006 de un \u00e1rea espec\u00edfica que ofrece servicios preventivos y consultor\u00eda especializados en el \u00e1mbito asistencial sanitario. Contamos con personal sanitario y de rescate cualificado con un perfil de alta especializaci\u00f3n claramente prehospitalario con una amplia experiencia profesional.\n\nEn el IEM consideramos que en determinados \u00e1mbitos se debe contar con la presencia de un Servicio Preventivo de Asistencia Sanitaria Inmediata capaz de poder resolver con eficacia y eficiencia un accidente hasta la llegada de los servicios de emergencias. En funci\u00f3n de las caracter\u00edsticas del evento, dise\u00f1amos y adaptamos los equipos preventivos sanitarios a las necesidades de las entidades organizadoras.\n\nAsimismo, el IEM tambi\u00e9n puede ejercer como entidad consultora con la finalidad de ofrecer recomendaciones de cara a la planificaci\u00f3n de los equipos preventivos sanitarios, en aspectos como su ubicaci\u00f3n, su composici\u00f3n o el n\u00famero de unidades necesarias para garantizar la seguridad en este aspecto de cualquier tipo de acontecimiento","_et_gb_content_width":"","footnotes":""},"class_list":["post-45","page","type-page","status-publish","has-post-thumbnail","hentry"],"_links":{"self":[{"href":"https:\/\/web.iem-emergencia.com\/ca\/wp-json\/wp\/v2\/pages\/45","targetHints":{"allow":["GET"]}}],"collection":[{"href":"https:\/\/web.iem-emergencia.com\/ca\/wp-json\/wp\/v2\/pages"}],"about":[{"href":"https:\/\/web.iem-emergencia.com\/ca\/wp-json\/wp\/v2\/types\/page"}],"author":[{"embeddable":true,"href":"https:\/\/web.iem-emergencia.com\/ca\/wp-json\/wp\/v2\/users\/1"}],"replies":[{"embeddable":true,"href":"https:\/\/web.iem-emergencia.com\/ca\/wp-json\/wp\/v2\/comments?post=45"}],"version-history":[{"count":0,"href":"https:\/\/web.iem-emergencia.com\/ca\/wp-json\/wp\/v2\/pages\/45\/revisions"}],"up":[{"embeddable":true,"href":"https:\/\/web.iem-emergencia.com\/ca\/wp-json\/wp\/v2\/pages\/31"}],"wp:featuredmedia":[{"embeddable":true,"href":"https:\/\/web.iem-emergencia.com\/ca\/wp-json\/"}],"wp:attachment":[{"href":"https:\/\/web.iem-emergencia.com\/ca\/wp-json\/wp\/v2\/media?parent=45"}],"curies":[{"name":"wp","href":"https:\/\/api.w.org\/{rel}","templated":true}]}}