{"id":33,"date":"2018-02-18T22:06:50","date_gmt":"2018-02-18T22:06:50","guid":{"rendered":"https:\/\/iem-emergencia.cat\/?page_id=33"},"modified":"2025-10-22T12:51:21","modified_gmt":"2025-10-22T10:51:21","slug":"cardioproteccion","status":"publish","type":"page","link":"https:\/\/web.iem-emergencia.com\/ca\/servicios\/cardioproteccion\/","title":{"rendered":"Cardioprotecci\u00f3"},"content":{"rendered":"<p>[et_pb_section fb_built=\u00bb1&#8243; _builder_version=\u00bb4.17.4&#8243; _module_preset=\u00bbdefault\u00bb background_enable_color=\u00bboff\u00bb use_background_color_gradient=\u00bbon\u00bb background_color_gradient_direction=\u00bb125deg\u00bb background_color_gradient_stops=\u00bb#fcfcfc 50%|#ffffff 60%|rgba(115,115,115,0) 60%|rgba(0,0,0,0.02) 100%\u00bb background_color_gradient_overlays_image=\u00bbon\u00bb background_image=\u00bbhttps:\/\/web.iem-emergencia.com\/wp-content\/uploads\/2022\/06\/b-cardioproteccion.jpg\u00bb background_size=\u00bbcontain\u00bb background_position=\u00bbcenter_right\u00bb background_horizontal_offset=\u00bb0%\u00bb background_enable_pattern_style=\u00bbon\u00bb background_pattern_style=\u00bbdiagonal-stripes-2&#8243; background_pattern_color=\u00bbrgba(0,0,0,0.02)\u00bb background_pattern_size=\u00bbcustom\u00bb background_pattern_width=\u00bb22px\u00bb background_pattern_height=\u00bb30px\u00bb background_pattern_horizontal_offset=\u00bb0%\u00bb custom_margin=\u00bb5px||5px||true|false\u00bb custom_padding=\u00bb15px||15px||true|false\u00bb da_disable_devices=\u00bboff|off|off\u00bb global_colors_info=\u00bb{}\u00bb da_is_popup=\u00bboff\u00bb da_exit_intent=\u00bboff\u00bb da_has_close=\u00bbon\u00bb da_alt_close=\u00bboff\u00bb da_dark_close=\u00bboff\u00bb da_not_modal=\u00bbon\u00bb da_is_singular=\u00bboff\u00bb da_with_loader=\u00bboff\u00bb da_has_shadow=\u00bbon\u00bb][et_pb_row _builder_version=\u00bb4.17.4&#8243; _module_preset=\u00bbdefault\u00bb custom_margin=\u00bb|auto|-5px|auto||\u00bb global_colors_info=\u00bb{}\u00bb][et_pb_column type=\u00bb4_4&#8243; _builder_version=\u00bb4.17.4&#8243; _module_preset=\u00bbdefault\u00bb global_colors_info=\u00bb{}\u00bb][et_pb_text _builder_version=\u00bb4.17.4&#8243; _module_preset=\u00bbdefault\u00bb text_font_size=\u00bb17px\u00bb text_line_height=\u00bb1.8em\u00bb header_font_size=\u00bb40px\u00bb global_colors_info=\u00bb{}\u00bb]<\/p>\n<h1>Serveis de cardioprotecci\u00f3<\/h1>\n<p>[\/et_pb_text][\/et_pb_column][\/et_pb_row][\/et_pb_section][et_pb_section fb_built=\u00bb1&#8243; admin_label=\u00bbStaff\u00bb _builder_version=\u00bb4.16&#8243; custom_padding=\u00bb3px||7px|||\u00bb da_disable_devices=\u00bboff|off|off\u00bb global_colors_info=\u00bb{}\u00bb da_is_popup=\u00bboff\u00bb da_exit_intent=\u00bboff\u00bb da_has_close=\u00bbon\u00bb da_alt_close=\u00bboff\u00bb da_dark_close=\u00bboff\u00bb da_not_modal=\u00bbon\u00bb da_is_singular=\u00bboff\u00bb da_with_loader=\u00bboff\u00bb da_has_shadow=\u00bbon\u00bb][et_pb_row column_structure=\u00bb2_3,1_3&#8243; _builder_version=\u00bb4.16&#8243; width=\u00bb100%\u00bb module_alignment=\u00bbcenter\u00bb custom_padding=\u00bb56px||1px|||\u00bb global_colors_info=\u00bb{}\u00bb][et_pb_column type=\u00bb2_3&#8243; _builder_version=\u00bb4.16&#8243; global_colors_info=\u00bb{}\u00bb][et_pb_text _builder_version=\u00bb4.27.4&#8243; text_font=\u00bb||||||||\u00bb header_2_font=\u00bbRaleway||||||||\u00bb custom_margin=\u00bb||71px|||\u00bb hover_enabled=\u00bb0&#8243; global_colors_info=\u00bb{}\u00bb sticky_enabled=\u00bb0&#8243;]<\/p>\n<p>La parada card\u00edaca repentina afecta a 25.000 personas al a\u00f1o en Espa\u00f1a, con una tasa de supervivencia del 5-7%. La Cadena de Supervivencia (alertar, RCP inmediata, desfibrilaci\u00f3n r\u00e1pida) puede salvar vidas.<\/p>\n<p>El programa de cardioprotecci\u00f3n forma a profesionales y ciudadanos para crear espacios cardioprotegidos e instalar desfibriladores, garantizando una respuesta r\u00e1pida y efectiva en situaciones de emergencia.<\/p>\n<p>[\/et_pb_text][\/et_pb_column][et_pb_column type=\u00bb1_3&#8243; _builder_version=\u00bb4.16&#8243; global_colors_info=\u00bb{}\u00bb][et_pb_blurb title=\u00bb\u00bfNecesitas nuestro servicio?\u00bb url=\u00bb\/contacto\/\u00bb use_icon=\u00bbon\u00bb font_icon=\u00bb&#x6c;||divi||400&#8243; icon_color=\u00bb#ffffff\u00bb image_icon_background_color=\u00bb#b22121&#8243; image_icon_width=\u00bb48px\u00bb _builder_version=\u00bb4.16&#8243; background_color=\u00bbrgba(150,21,7,0.08)\u00bb image_icon_custom_padding=\u00bb25px|25px|25px|25px|false|false\u00bb text_orientation=\u00bbcenter\u00bb custom_padding=\u00bb26px|10px|26px|10px|true|true\u00bb link_option_url=\u00bb\/contacto\/\u00bb border_radii_image=\u00bbon|100%|100%|100%|100%\u00bb box_shadow_style=\u00bbpreset1&#8243; use_circle=\u00bbon\u00bb global_colors_info=\u00bb{}\u00bb image_icon_background_color__sticky_enabled=\u00bb#b22121&#8243; image_icon_background_color__sticky=\u00bb#b22121&#8243;]<\/p>\n<p>Contacta amb nosaltres perqu\u00e8 et puguem assessorar.<\/p>\n<p>[\/et_pb_blurb][\/et_pb_column][\/et_pb_row][et_pb_row column_structure=\u00bb2_5,3_5&#8243; _builder_version=\u00bb4.27.4&#8243; hover_enabled=\u00bb0&#8243; global_colors_info=\u00bb{}\u00bb custom_padding=\u00bb60px|||||\u00bb width=\u00bb100%\u00bb sticky_enabled=\u00bb0&#8243;][et_pb_column type=\u00bb2_5&#8243; _builder_version=\u00bb4.16&#8243; global_colors_info=\u00bb{}\u00bb][et_pb_image src=\u00bbhttps:\/\/iem-emergencia.com\/wp-content\/uploads\/2021\/09\/EYS-2085.png\u00bb title_text=\u00bbEYS-2085&#8243; _builder_version=\u00bb4.16&#8243; global_colors_info=\u00bb{}\u00bb][\/et_pb_image][\/et_pb_column][et_pb_column type=\u00bb3_5&#8243; _builder_version=\u00bb4.16&#8243; global_colors_info=\u00bb{}\u00bb][et_pb_text _builder_version=\u00bb4.17.4&#8243; header_3_font=\u00bb||||||||\u00bb header_3_text_color=\u00bbrgba(0,0,0,0.51)\u00bb custom_margin=\u00bb||2px|||\u00bb global_colors_info=\u00bb{}\u00bb]<\/p>\n<h3>Qu\u00e8 \u00e9s un espai cardioprotegit?<\/h3>\n<p>[\/et_pb_text][et_pb_divider divider_weight=\u00bb3px\u00bb _builder_version=\u00bb4.16&#8243; width=\u00bb33%\u00bb module_alignment=\u00bbleft\u00bb custom_margin=\u00bb8px||13px|||\u00bb global_colors_info=\u00bb{}\u00bb][\/et_pb_divider][et_pb_text _builder_version=\u00bb4.17.4&#8243; text_font=\u00bb||||||||\u00bb header_2_font=\u00bbRaleway||||||||\u00bb custom_margin=\u00bb||71px|||\u00bb global_colors_info=\u00bb{}\u00bb]<\/p>\n<p>\u00c9s aquell espai o \u00e0rea on, com a resultat d&#039;una planificaci\u00f3 i dotaci\u00f3 de mitjans adequats, es puguin dur a terme les actuacions necess\u00e0ries davant d&#039;una mort sobtada que s&#039;inclouen dins del que es coneix com a cadena de la superviv\u00e8ncia (aproximaci\u00f3 segura, reconeixement de la PCR, alerta als serveis d&#039;emerg\u00e8ncies, RCP preco\u00e7 i desfibril\u00b7laci\u00f3 preco\u00e7) d&#039;acord amb les recomanacions 2015 de l&#039;European Resuscitation Council<\/p>\n<p>Un Espai Cardioprotegit ha de comptar amb personal format a RCP de qualitat i amb DEA de f\u00e0cil acc\u00e9s per als primers intervinents, per aconseguir la desfibril\u00b7laci\u00f3 en els primers 4 minuts des que s&#039;ha presentat la PCR.<\/p>\n<p>[\/et_pb_text][et_pb_text _builder_version=\u00bb4.17.4&#8243; header_3_font=\u00bb||||||||\u00bb header_3_text_color=\u00bbrgba(0,0,0,0.51)\u00bb custom_margin=\u00bb||2px|||\u00bb global_colors_info=\u00bb{}\u00bb]<\/p>\n<h3>Marc legal de la cardioprotecci\u00f3<\/h3>\n<p>[\/et_pb_text][et_pb_divider divider_weight=\u00bb3px\u00bb _builder_version=\u00bb4.16&#8243; width=\u00bb33%\u00bb module_alignment=\u00bbleft\u00bb custom_margin=\u00bb8px||13px|||\u00bb global_colors_info=\u00bb{}\u00bb][\/et_pb_divider][et_pb_text _builder_version=\u00bb4.17.4&#8243; text_font=\u00bb||||||||\u00bb header_2_font=\u00bbRaleway||||||||\u00bb custom_margin=\u00bb||71px|||\u00bb global_colors_info=\u00bb{}\u00bb]<\/p>\n<p>La legalitat espanyola, ja sigui estatal o auton\u00f2mica, regula alguns aspectes sobre el cat\u00e0leg dactivitats i centres obligats a adoptar mesures dautoprotecci\u00f3 i fixa el contingut daquestes mesures.<\/p>\n<p>Alguns decrets determinen l&#039;obligatorietat en alguns establiments, p\u00fablics o privats, de disposar de Desfibril\u00b7ladors Externs Automatitzats (DEA) i del personal corresponent format i degudament autoritzat per utilitzar-los.<\/p>\n<p>La majoria de comunitats aut\u00f2nomes disposen de normes que regulen la utilitzaci\u00f3 dels desfibril\u00b7ladors externs automatitzats per a personal no m\u00e8dic, i marquen amb claredat els requeriments legals quant als aparells, el seu registre, les responsabilitats, la formaci\u00f3 concreta i quines seran les exig\u00e8ncies de els centres homologats per impartir aquesta formaci\u00f3.<\/p>\n<p>[\/et_pb_text][\/et_pb_column][\/et_pb_row][\/et_pb_section]<\/p>","protected":false},"excerpt":{"rendered":"<p>Servicios de cardioprotecci\u00f3nLa parada card\u00edaca repentina afecta a 25.000 personas al a\u00f1o en Espa\u00f1a, con una tasa de supervivencia del 5-7%. La Cadena de Supervivencia (alertar, RCP inmediata, desfibrilaci\u00f3n r\u00e1pida) [&hellip;]<\/p>","protected":false},"author":1,"featured_media":38,"parent":31,"menu_order":0,"comment_status":"closed","ping_status":"closed","template":"","meta":{"_et_pb_use_builder":"on","_et_pb_old_content":"<h3><strong>Cardioprotecci\u00f3n<\/strong><\/h3>\nLa parada cardiaca s\u00fabita se considera un problema sanitario de primera magnitud. En Espa\u00f1a, aunque no se dispone de datos exactos, se producen alrededor de 25.000 paradas cardiacas s\u00fabitas al a\u00f1o, la mayor\u00eda de origen cardiol\u00f3gico, en pacientes con edades comprendidas entre los 25 y los 74 a\u00f1os y con una supervivencia entre el 5 y el 7%.\n\nLa supresi\u00f3n de la circulaci\u00f3n sangu\u00ednea durante varios minutos causa da\u00f1os irreversibles en el cerebro, por lo que las primeras acciones realizadas por los primeros actuantes o intervinientes son imprescindibles; asimismo, el personal de emergencias juega un papel importante en estas situaciones.\n\nSi estas acciones se realizan de forma encadenada se puede salvar la vida de una persona:\n<ul>\n \t<li>Alerta r\u00e1pida a los servicios de emergencias<\/li>\n \t<li>Inicio inmediato de una RCP por los testigos<\/li>\n \t<li>Realizaci\u00f3n de desfibrilaci\u00f3n precoz, si se dispone de un desfibrilador,<\/li>\n<\/ul>\nEstas acciones encadenadas se conocen como Cadena de Supervivencia, dentro de la cual la Resucitaci\u00f3n inmediata por testigos y la Desfibrilaci\u00f3n precoz son los eslabones fundamentales para la supervivencia de la parada cardiaca s\u00fabita.\n\nEl uso precoz de los DEA dentro del conjunto de la Cadena de Supervivencia consigue un porcentaje de recuperaci\u00f3n de las paradas cardiacas con buena funci\u00f3n neurol\u00f3gica muy superior a la que se consigue cuando no se utilizan, o cuando su uso se retrasa. Una actuaci\u00f3n r\u00e1pida y de calidad aumenta entre 7 y 20 veces las posibilidades de supervivencia.\n\nNuestro programa de implantaci\u00f3n de espacios cardioprotegidos responde a esta realidad y necesidad: <strong><em>Mejorar substancialmente la supervivencia ante una Parada Cardiorespiratoria (PCR).<\/em><\/strong>\n\nEn s\u00edntesis <strong>Salvar Vidas<\/strong>\n\n&nbsp;\n<h3><strong>\u00bfQu\u00e9 es un Espacio Cardioprotegido?<\/strong><\/h3>\n<img class=\"alignnone size-full wp-image-171\" src=\"https:\/\/iem-emergencia.cat\/wp-content\/uploads\/2018\/02\/4-pilares-cardioproteccio\u0301n-1.png\" alt=\"\" width=\"358\" height=\"358\" \/>\n\nEs aquel espacio o \u00e1rea donde, como resultado de una planificaci\u00f3n y dotaci\u00f3n de medios adecuados,\u00a0se puedan llevar a cabo las actuaciones necesarias ante una muerte s\u00fabita que se incluyen dentro de lo que se conoce como cadena de la supervivencia (aproximaci\u00f3n segura, reconocimiento de la PCR, alerta a los servicios de emergencias, RCP precoz y desfibrilaci\u00f3n precoz) de acuerdo a las recomendaciones 2015 del European Resuscitation Council\n\nUn Espacio Cardioprotegido debe contar con personal formado en RCP de calidad y con DEA de f\u00e1cil acceso para los primeros intervinientes, para lograr la desfibrilaci\u00f3n en los primeros 4 minutos desde que se ha presentado la PCR.\n\n&nbsp;\n<h3><strong>Marco legal de la cardioprotecci\u00f3n<\/strong><\/h3>\nLa legalidad espa\u00f1ola, ya sea estatal o auton\u00f3mica, regula algunos aspectos sobre el cat\u00e1logo de actividades y centros obligados a adoptar medidas de autoprotecci\u00f3n y fija el contenido de estas medidas.\n\nAlgunos decretos determinan la obligatoriedad en algunos establecimientos, p\u00fablicos o privados, de disponer de Desfibriladores Externos Automatizados (DEA) y del personal correspondiente formado y debidamente autorizado para su uso.\n\nLa mayor\u00eda de comunidades aut\u00f3nomas disponen de normas que regulan la utilizaci\u00f3n de los desfibriladores externos automatizados para personal no m\u00e9dico, y marcan con claridad los requerimientos legales en cuanto a los aparatos, su registro, las responsabilidades, la formaci\u00f3n concreta y cu\u00e1les ser\u00e1n las exigencias de los centros homologados para impartir esta formaci\u00f3n.","_et_gb_content_width":"","footnotes":""},"class_list":["post-33","page","type-page","status-publish","has-post-thumbnail","hentry"],"_links":{"self":[{"href":"https:\/\/web.iem-emergencia.com\/ca\/wp-json\/wp\/v2\/pages\/33","targetHints":{"allow":["GET"]}}],"collection":[{"href":"https:\/\/web.iem-emergencia.com\/ca\/wp-json\/wp\/v2\/pages"}],"about":[{"href":"https:\/\/web.iem-emergencia.com\/ca\/wp-json\/wp\/v2\/types\/page"}],"author":[{"embeddable":true,"href":"https:\/\/web.iem-emergencia.com\/ca\/wp-json\/wp\/v2\/users\/1"}],"replies":[{"embeddable":true,"href":"https:\/\/web.iem-emergencia.com\/ca\/wp-json\/wp\/v2\/comments?post=33"}],"version-history":[{"count":0,"href":"https:\/\/web.iem-emergencia.com\/ca\/wp-json\/wp\/v2\/pages\/33\/revisions"}],"up":[{"embeddable":true,"href":"https:\/\/web.iem-emergencia.com\/ca\/wp-json\/wp\/v2\/pages\/31"}],"wp:featuredmedia":[{"embeddable":true,"href":"https:\/\/web.iem-emergencia.com\/ca\/wp-json\/"}],"wp:attachment":[{"href":"https:\/\/web.iem-emergencia.com\/ca\/wp-json\/wp\/v2\/media?parent=33"}],"curies":[{"name":"wp","href":"https:\/\/api.w.org\/{rel}","templated":true}]}}