{"id":220505,"date":"2025-10-20T11:45:48","date_gmt":"2025-10-20T09:45:48","guid":{"rendered":"https:\/\/web.iem-emergencia.com\/?page_id=220505"},"modified":"2025-10-26T11:48:22","modified_gmt":"2025-10-26T10:48:22","slug":"instalaciones","status":"publish","type":"page","link":"https:\/\/web.iem-emergencia.com\/ca\/instalaciones\/","title":{"rendered":"Les nostres instal\u00b7lacions"},"content":{"rendered":"<p>[et_pb_section fb_built=\u00bb1&#8243; _builder_version=\u00bb4.18.0&#8243; _module_preset=\u00bbdefault\u00bb background_enable_color=\u00bboff\u00bb use_background_color_gradient=\u00bbon\u00bb background_color_gradient_direction=\u00bb125deg\u00bb background_color_gradient_stops=\u00bb#fcfcfc 50%|#ffffff 60%|rgba(115,115,115,0) 60%|rgba(0,0,0,0.02) 100%\u00bb background_color_gradient_overlays_image=\u00bbon\u00bb background_image=\u00bbhttps:\/\/web.iem-emergencia.com\/wp-content\/uploads\/2022\/08\/Sobre-IEM_880x349_1638.jpg\u00bb background_size=\u00bbcontain\u00bb background_position=\u00bbcenter_right\u00bb background_horizontal_offset=\u00bb0%\u00bb background_enable_pattern_style=\u00bbon\u00bb background_pattern_style=\u00bbdiagonal-stripes-2&#8243; background_pattern_color=\u00bbrgba(0,0,0,0.02)\u00bb background_pattern_size=\u00bbcustom\u00bb background_pattern_width=\u00bb22px\u00bb background_pattern_height=\u00bb30px\u00bb background_pattern_horizontal_offset=\u00bb0%\u00bb custom_margin=\u00bb5px||5px||true|false\u00bb custom_padding=\u00bb15px||15px||true|false\u00bb da_disable_devices=\u00bboff|off|off\u00bb global_colors_info=\u00bb{}\u00bb da_is_popup=\u00bboff\u00bb da_exit_intent=\u00bboff\u00bb da_has_close=\u00bbon\u00bb da_alt_close=\u00bboff\u00bb da_dark_close=\u00bboff\u00bb da_not_modal=\u00bbon\u00bb da_is_singular=\u00bboff\u00bb da_with_loader=\u00bboff\u00bb da_has_shadow=\u00bbon\u00bb][et_pb_row _builder_version=\u00bb4.17.4&#8243; _module_preset=\u00bbdefault\u00bb custom_margin=\u00bb|auto|-5px|auto||\u00bb global_colors_info=\u00bb{}\u00bb][et_pb_column type=\u00bb4_4&#8243; _builder_version=\u00bb4.17.4&#8243; _module_preset=\u00bbdefault\u00bb global_colors_info=\u00bb{}\u00bb][et_pb_text _builder_version=\u00bb4.27.4&#8243; _module_preset=\u00bbdefault\u00bb text_font_size=\u00bb17px\u00bb text_line_height=\u00bb1.8em\u00bb header_font_size=\u00bb40px\u00bb global_colors_info=\u00bb{}\u00bb]<\/p>\n<h1>Les nostres instal\u00b7lacions<\/h1>\n<p>Institut d&#039;Estudis M\u00e8dics<\/p>\n<p>[\/et_pb_text][\/et_pb_column][\/et_pb_row][\/et_pb_section][et_pb_section fb_built=\u00bb1&#8243; admin_label=\u00bbStaff\u00bb _builder_version=\u00bb4.16&#8243; custom_padding=\u00bb3px|||||\u00bb da_disable_devices=\u00bboff|off|off\u00bb global_colors_info=\u00bb{}\u00bb da_is_popup=\u00bboff\u00bb da_exit_intent=\u00bboff\u00bb da_has_close=\u00bbon\u00bb da_alt_close=\u00bboff\u00bb da_dark_close=\u00bboff\u00bb da_not_modal=\u00bbon\u00bb da_is_singular=\u00bboff\u00bb da_with_loader=\u00bboff\u00bb da_has_shadow=\u00bbon\u00bb][et_pb_row column_structure=\u00bb2_3,1_3&#8243; _builder_version=\u00bb4.16&#8243; width=\u00bb100%\u00bb module_alignment=\u00bbcenter\u00bb custom_padding=\u00bb43px||1px|||\u00bb global_colors_info=\u00bb{}\u00bb][et_pb_column type=\u00bb2_3&#8243; _builder_version=\u00bb4.16&#8243; global_colors_info=\u00bb{}\u00bb][et_pb_text _builder_version=\u00bb4.27.4&#8243; text_font=\u00bb||||||||\u00bb header_2_font=\u00bbRaleway||||||||\u00bb custom_margin=\u00bb||48px|||\u00bb global_colors_info=\u00bb{}\u00bb]<\/p>\n<p>Les nostres instal\u00b7lacions estan dissenyades per oferir una formaci\u00f3 immersiva i d&#039;alta qualitat a urg\u00e8ncies i emerg\u00e8ncies.<\/p>\n<p>A l&#039;Institut d&#039;Estudis M\u00e8dics (IEM), tenim un centre de simulaci\u00f3 d&#039;alta fidelitat que marca la difer\u00e8ncia en la formaci\u00f3 sanit\u00e0ria i de rescat. Amb el trasllat de la nostra seu el 2014, hem potenciat significativament els nostres espais, en evoluci\u00f3 cont\u00ednua, amb instal\u00b7lacions modernes i equipaments d&#039;\u00faltima generaci\u00f3 per garantir una experi\u00e8ncia formativa immersiva i de m\u00e0xima qualitat.<br \/>Des del 2014, el nostre centre de simulaci\u00f3 avan\u00e7ada proporciona eines i espais especialitzats per a pr\u00e0ctiques realistes, incloent-hi, entre d&#039;altres:<\/p>\n<ul>\n<li><strong>Estacions de rescat i atenci\u00f3 prehospital\u00e0ria<\/strong>: Espais dissenyats per recrear escenaris reals d&#039;emerg\u00e8ncies, amb un roc\u00f2drom i boxs d&#039;urg\u00e8ncies equipats per a pr\u00e0ctiques de suport vital avan\u00e7at i pacient cr\u00edtic en general.<\/li>\n<li><strong>2 ambul\u00e0ncies<\/strong>, una de <strong>Suport Vital Avan\u00e7at<\/strong>, totalment equipada.<\/li>\n<li><strong>Laboratori de simulaci\u00f3 avan\u00e7ada<\/strong>: Equipat amb simuladors d&#039;alta fidelitat com SimMan, un quir\u00f2fan d&#039;urg\u00e8ncies i una Unitat de Cures Intensives (UCI) amb tots els aparells electrom\u00e8dics essencials per a una formaci\u00f3 realista.<\/li>\n<li><strong>Sala de control innovadora<\/strong>: Dotada de vidres espia i una xarxa inform\u00e0tica de v\u00eddeo i so que permet supervisar les simulacions en temps real des de qualsevol aula o despatx del centre. Aquest sistema facilita l\u201favaluaci\u00f3 detallada de les actuacions, la identificaci\u00f3 d\u201f\u00e0rees de millora il\u201faplicaci\u00f3 de correccions per optimitzar l\u201faprenentatge. En resum, treballar a fons les habilitats no t\u00e8cniques en urg\u00e8ncies i emerg\u00e8ncies com ara el treball en equip, la comunicaci\u00f3, el lideratge, etc.<\/li>\n<\/ul>\n<p>A IEM, les nostres instal\u00b7lacions estan pensades per preparar professionals sanitaris i equips de rescat amb les eines i l&#039;entorn ideals per enfrontar-se als reptes del m\u00f3n real.<\/p>\n<p>&nbsp;<\/p>\n<h3>Veniu a con\u00e8ixer-les i descobriu un espai dissenyat per a l&#039;excel\u00b7l\u00e8ncia!<\/h3>\n<p>[\/et_pb_text][et_pb_video src=\u00bbhttps:\/\/web.iem-emergencia.com\/videos\/instalacions.mp4&#8243; _builder_version=\u00bb4.27.4&#8243; _module_preset=\u00bbdefault\u00bb hover_enabled=\u00bb0&#8243; sticky_enabled=\u00bb0&#8243; box_shadow_style=\u00bbpreset3&#8243; image_src=\u00bbhttps:\/\/web.iem-emergencia.com\/wp-content\/uploads\/P2133277-scaled.jpg\u00bb title_text=\u00bbOLYMPUS DIGITAL CAMERA\u00bb play_icon_color=\u00bb#FFFFFF\u00bb font_icon=\u00bb&#x49;||divi||400&#8243;][\/et_pb_video][\/et_pb_column][et_pb_column type=\u00bb1_3&#8243; _builder_version=\u00bb4.16&#8243; global_colors_info=\u00bb{}\u00bb][et_pb_gallery _builder_version=\u00bb4.27.4&#8243; _module_preset=\u00bbdefault\u00bb gallery_ids=\u00bb220816,220815,220814,220812,220810&#8243; hover_enabled=\u00bb0&#8243; sticky_enabled=\u00bb0&#8243; gallery_orderby=\u00bbrand\u00bb fullwidth=\u00bbon\u00bb pagination_text_color=\u00bb#FFFFFF\u00bb box_shadow_style=\u00bbpreset3&#8243;][\/et_pb_gallery][\/et_pb_column][\/et_pb_row][\/et_pb_section]<\/p>","protected":false},"excerpt":{"rendered":"<p>Nuestras instalaciones Instituto de Estudios M\u00e9dicosNuestras instalaciones est\u00e1n dise\u00f1adas para ofrecer una formaci\u00f3n inmersiva y de alta calidad en urgencias y emergencias. En el Instituto de Estudios M\u00e9dicos (IEM), disponemos [&hellip;]<\/p>","protected":false},"author":1,"featured_media":19,"parent":0,"menu_order":0,"comment_status":"closed","ping_status":"closed","template":"","meta":{"_et_pb_use_builder":"on","_et_pb_old_content":"El Instituto de Estudios M\u00e9dicos (IEM) es un centro que imparte principalmente formaci\u00f3n sanitaria especializada en urgencias y emergencias a todos los niveles. Entre su oferta formativa destaca el M\u00e1ster en Asistencia Integral en Urgencias y Emergencias , adaptado al Espacio Europeo de Educaci\u00f3n Superior con 90 cr\u00e9ditos ECTS (European Credit Transfer System).\n\nAsimismo, en el IEM impartimos formaci\u00f3n a medida, adaptada al lugar de trabajo de cada profesional sanitario o no sanitario: m\u00e9dicos\/as, enfermeros\/as, celadores\/as, bomberos\/as, polic\u00edas, t\u00e9cnicos\/as de Protecci\u00f3n Civil, militares, submarinistas, maestros\/as, miembros de equipos de primera, segunda y tercera intervenci\u00f3n, etc. y p\u00fablico en general. Siguiendo esta l\u00ednea, el IEM lleva a cabo la implantaci\u00f3n de Espacios cardioprotegidos, adaptados a las especificidades de cada organizaci\u00f3n, incluyendo tanto la formaci\u00f3n del personal como la instalaci\u00f3n de los equipos, su revisi\u00f3n y mantenimiento y su actualizaci\u00f3n peri\u00f3dica, con el fin de garantizar su plena funcionalidad.\n\nDurante el a\u00f1o 2016 formamos a m\u00e1s de 1.700 personas en diferentes cursos especializados en urgencias y emergencias, y a m\u00e1s de 500 personas en cursos acreditados de Soporte Vital.\n\nAdem\u00e1s, el IEM tambi\u00e9n dispone de un \u00e1rea de medicina subacu\u00e1tica e hiperb\u00e1rica, especializada en revisiones y consultas m\u00e9dicas para buceadores\/as recreativos\/as y profesionales.\n\nPor \u00faltimo, tambi\u00e9n llevamos a cabo servicios preventivos sanitarios y consultor\u00eda para cualquier tipo de evento que requiera la presencia de personal sanitario. Tambi\u00e9n disponemos de otros servicios especializados en psicolog\u00eda de emergencias, prevenci\u00f3n y seguridad integral y tuneladoras.\n\n&nbsp;\n\n&nbsp;\n\n<img class=\"alignnone\" style=\"max-width: 100%; height: auto;\" src=\"https:\/\/iem-emergencia.cat\/wp-content\/uploads\/2018\/02\/Sobre-IEM_880x349.png\" alt=\"\" \/>\n\n&nbsp;","_et_gb_content_width":"","footnotes":""},"class_list":["post-220505","page","type-page","status-publish","has-post-thumbnail","hentry"],"_links":{"self":[{"href":"https:\/\/web.iem-emergencia.com\/ca\/wp-json\/wp\/v2\/pages\/220505","targetHints":{"allow":["GET"]}}],"collection":[{"href":"https:\/\/web.iem-emergencia.com\/ca\/wp-json\/wp\/v2\/pages"}],"about":[{"href":"https:\/\/web.iem-emergencia.com\/ca\/wp-json\/wp\/v2\/types\/page"}],"author":[{"embeddable":true,"href":"https:\/\/web.iem-emergencia.com\/ca\/wp-json\/wp\/v2\/users\/1"}],"replies":[{"embeddable":true,"href":"https:\/\/web.iem-emergencia.com\/ca\/wp-json\/wp\/v2\/comments?post=220505"}],"version-history":[{"count":0,"href":"https:\/\/web.iem-emergencia.com\/ca\/wp-json\/wp\/v2\/pages\/220505\/revisions"}],"wp:featuredmedia":[{"embeddable":true,"href":"https:\/\/web.iem-emergencia.com\/ca\/wp-json\/"}],"wp:attachment":[{"href":"https:\/\/web.iem-emergencia.com\/ca\/wp-json\/wp\/v2\/media?parent=220505"}],"curies":[{"name":"wp","href":"https:\/\/api.w.org\/{rel}","templated":true}]}}