{"id":1542,"date":"2019-09-10T09:31:53","date_gmt":"2019-09-10T07:31:53","guid":{"rendered":"https:\/\/iem-emergencia.cat\/?page_id=1542"},"modified":"2019-09-10T09:31:53","modified_gmt":"2019-09-10T07:31:53","slug":"inscripcioncursos","status":"publish","type":"page","link":"https:\/\/web.iem-emergencia.com\/ca\/inscripcioncursos\/","title":{"rendered":"Inscripci\u00f3n a cursos"},"content":{"rendered":"<p>[et_pb_section fb_built=\u00bb1&#8243; fullwidth=\u00bbon\u00bb admin_label=\u00bbHero\u00bb _builder_version=\u00bb3.27.3&#8243; use_background_color_gradient=\u00bbon\u00bb background_color_gradient_start=\u00bb#eeeff2&#8243; background_color_gradient_end=\u00bbrgba(238,239,242,0)\u00bb background_color_gradient_direction=\u00bb90deg\u00bb background_color_gradient_start_position=\u00bb33%\u00bb background_color_gradient_end_position=\u00bb52%\u00bb background_color_gradient_overlays_image=\u00bbon\u00bb background_image=\u00bbhttps:\/\/iem-emergencia.cat\/wp-content\/uploads\/2019\/09\/inscripcion.jpg\u00bb][et_pb_fullwidth_header subhead=\u00bbInscripci\u00f3n\u00bb content_max_width=\u00bb600px\u00bb _builder_version=\u00bb3.27.3&#8243; title_font=\u00bbRubik|700||on|||||\u00bb title_text_color=\u00bb#ff7355&#8243; title_font_size=\u00bb16px\u00bb title_letter_spacing=\u00bb5px\u00bb title_line_height=\u00bb0.5em\u00bb content_font=\u00bbRubik||||||||\u00bb content_font_size=\u00bb18px\u00bb subhead_font=\u00bbRubik|700|||||||\u00bb subhead_text_color=\u00bbrgba(0,0,0,0.8)\u00bb subhead_font_size=\u00bb50px\u00bb subhead_line_height=\u00bb1.5em\u00bb background_color=\u00bbrgba(255,255,255,0)\u00bb use_background_color_gradient=\u00bbon\u00bb background_color_gradient_start=\u00bbrgba(255,255,255,0)\u00bb background_color_gradient_end=\u00bbrgba(255,255,255,0.7)\u00bb background_color_gradient_start_position=\u00bb50%\u00bb background_size=\u00bbcontain\u00bb background_position=\u00bbbottom_center\u00bb custom_button_one=\u00bbon\u00bb button_one_text_size=\u00bb16px\u00bb button_one_text_color=\u00bb#ffffff\u00bb button_one_bg_color=\u00bb#ff7355&#8243; button_one_border_width=\u00bb15px\u00bb button_one_border_color=\u00bbrgba(210,159,104,0)\u00bb button_one_border_radius=\u00bb100px\u00bb button_one_letter_spacing=\u00bb0px\u00bb button_one_font=\u00bbRubik|700|||||||\u00bb button_one_use_icon=\u00bboff\u00bb custom_button_two=\u00bbon\u00bb button_two_text_size=\u00bb16px\u00bb button_two_text_color=\u00bb#ffffff\u00bb button_two_bg_color=\u00bbrgba(0,0,0,0.6)\u00bb button_two_border_width=\u00bb15px\u00bb button_two_border_color=\u00bbrgba(210,159,104,0)\u00bb button_two_border_radius=\u00bb100px\u00bb button_two_letter_spacing=\u00bb0px\u00bb button_two_font=\u00bbRubik|700|||||||\u00bb button_two_use_icon=\u00bboff\u00bb background_layout=\u00bblight\u00bb max_width_last_edited=\u00bboff|desktop\u00bb module_alignment=\u00bbcenter\u00bb custom_margin=\u00bb|||\u00bb custom_padding=\u00bb3vw||2vw|||\u00bb subhead_font_size_tablet=\u00bb\u00bb subhead_font_size_phone=\u00bb30px\u00bb subhead_font_size_last_edited=\u00bbon|phone\u00bb button_one_border_radius_hover=\u00bb100px\u00bb button_two_border_radius_hover=\u00bb100px\u00bb button_one_bg_color_hover=\u00bb#ff8a70&#8243; button_two_bg_color_hover=\u00bb#ff8a70&#8243; button_one_text_size__hover_enabled=\u00bboff\u00bb button_two_text_size__hover_enabled=\u00bboff\u00bb button_one_text_color__hover_enabled=\u00bboff\u00bb button_two_text_color__hover_enabled=\u00bboff\u00bb button_one_border_width__hover_enabled=\u00bboff\u00bb button_two_border_width__hover_enabled=\u00bboff\u00bb button_one_border_color__hover_enabled=\u00bboff\u00bb button_two_border_color__hover_enabled=\u00bboff\u00bb button_one_border_radius__hover_enabled=\u00bbon\u00bb button_one_border_radius__hover=\u00bb100px\u00bb button_two_border_radius__hover_enabled=\u00bbon\u00bb button_two_border_radius__hover=\u00bb100px\u00bb button_one_letter_spacing__hover_enabled=\u00bboff\u00bb button_two_letter_spacing__hover_enabled=\u00bboff\u00bb button_one_bg_color__hover_enabled=\u00bbon\u00bb button_one_bg_color__hover=\u00bb#ff8a70&#8243; button_two_bg_color__hover_enabled=\u00bbon\u00bb button_two_bg_color__hover=\u00bb#ff8a70&#8243;]<\/p>\n<p>Inscriu-te aqu\u00ed al curs de l&#039;IEM que vulguis.<\/p>\n<p>[\/et_pb_fullwidth_header][\/et_pb_section][et_pb_section fb_built=\u00bb1&#8243; _builder_version=\u00bb3.27.3&#8243; background_enable_color=\u00bboff\u00bb min_height=\u00bb216px\u00bb custom_padding=\u00bb29px|||||\u00bb][et_pb_row module_id=\u00bbformulario\u00bb _builder_version=\u00bb3.27.3&#8243;][et_pb_column type=\u00bb4_4&#8243; _builder_version=\u00bb3.27.3&#8243;][et_pb_text _builder_version=\u00bb4.0.7&#8243; custom_margin=\u00bb||-2px|||\u00bb]<\/p>\n<p>Benvingut\/da al Sistema de Matriculaci\u00f3 i pagament on-line.<\/p>\n<p>Aqu\u00ed pots fer la inscripci\u00f3 als cursos de l&#039;IEM i fer el pagament on-line mitjan\u00e7ant targeta de cr\u00e8dit de forma segura. Si vols fer el pagament mitjan\u00e7ant transfer\u00e8ncia banc\u00e0ria, <a href=\"#transferencia\">fes clic aqu\u00ed<\/a>.<\/p>\n<p>&nbsp;<\/p>\n<h1>Pagament on-line mitjan\u00e7ant targeta<\/h1>\n<p>[\/et_pb_text][\/et_pb_column][\/et_pb_row][et_pb_row column_structure=\u00bb2_5,3_5&#8243; _builder_version=\u00bb3.27.3&#8243; min_height=\u00bb1267px\u00bb custom_padding=\u00bb4px|||||\u00bb][et_pb_column type=\u00bb2_5&#8243; _builder_version=\u00bb3.27.3&#8243;][et_pb_text _builder_version=\u00bb3.27.4&#8243; background_color=\u00bb#f9f9f9&#8243; custom_margin=\u00bb13px||55px||false|false\u00bb custom_padding=\u00bb20px|20px|20px|20px|true|true\u00bb border_radii=\u00bbon|12px|12px|12px|12px\u00bb]<\/p>\n<p><strong>1. Selecciona el nom del curs<\/strong> al que vols matricular-te.<\/p>\n<p><strong>2. Indica totes les dades personals, professionals i de contacte.<\/strong><\/p>\n<p><strong>3. Fes clic sobre \u00abPagar el curs\u00bb<\/strong>. El pagament es fa de manera segura amb targeta de cr\u00e8dit.<\/p>\n<p>&nbsp;<\/p>\n<p>Un cop feta la inscripci\u00f3, un dels nostres gestors contactar\u00e0 amb tu per formalitzar el proc\u00e9s de matriculaci\u00f3.<\/p>\n<p>[\/et_pb_text][et_pb_image src=\u00bbhttps:\/\/iem-emergencia.cat\/wp-content\/uploads\/2019\/11\/powered.png\u00bb _builder_version=\u00bb3.27.3&#8243; width=\u00bb54%\u00bb module_alignment=\u00bbcenter\u00bb][\/et_pb_image][\/et_pb_column][et_pb_column type=\u00bb3_5&#8243; _builder_version=\u00bb3.27.3&#8243;][et_pb_text _builder_version=\u00bb3.27.4&#8243;]<\/p>\n<p>[fullstripe_form name=&quot;pagocursos&quot; type=&quot;inline_payment&quot;]<\/p>\n<p>[\/et_pb_text][\/et_pb_column][\/et_pb_row][et_pb_row module_id=\u00bbtransferencia\u00bb _builder_version=\u00bb3.27.3&#8243; custom_padding=\u00bb53px|||||\u00bb][et_pb_column type=\u00bb4_4&#8243; _builder_version=\u00bb3.27.3&#8243;][et_pb_divider _builder_version=\u00bb3.27.3&#8243; custom_margin=\u00bb||12px|||\u00bb][\/et_pb_divider][et_pb_text _builder_version=\u00bb3.27.4&#8243; custom_margin=\u00bb-2px|||||\u00bb]<\/p>\n<h2>Pagament mitjan\u00e7ant transfer\u00e8ncia banc\u00e0ria<\/h2>\n<p>&nbsp;<\/p>\n<p>Proc\u00e9s de pagament de la preinscripci\u00f3 directament per transfer\u00e8ncia banc\u00e0ria al n\u00famero de compte corrent:<\/p>\n<p><strong>IBAN<\/strong> ES31 2100 1007 1002 0009 8009<br \/> <strong>SWIFT \/ BIC<\/strong> CAIXESBBXXX<\/p>\n<p>&nbsp;<\/p>\n<p>Realitza transfer\u00e8ncia per l&#039;import del curs indicant el teu nom i cognoms al concepte. A continuaci\u00f3 envia&#039;ns un e-mail a <a href=\"mailto:admin@iem-emergencia.cat\">admin@iem-emergencia.cat<\/a> amb:<\/p>\n<ul>\n<li>el teu nom i cognoms i el teu tel\u00e8fon de contacte<\/li>\n<li>curs al qual vols inscriure&#039;t<\/li>\n<li>comprovant de la transfer\u00e8ncia<\/li>\n<\/ul>\n<p>[\/et_pb_text][\/et_pb_column][\/et_pb_row][\/et_pb_section]<\/p>","protected":false},"excerpt":{"rendered":"<p>Inscr\u00edbete aqu\u00ed al curso del IEM que desees.Bienvenido\/a al Sistema de Matriculaci\u00f3n y pago on-line. Aqu\u00ed puedes realizar la inscripci\u00f3n a los cursos del IEM y realizar el pago on-line [&hellip;]<\/p>","protected":false},"author":1,"featured_media":0,"parent":0,"menu_order":0,"comment_status":"closed","ping_status":"closed","template":"","meta":{"_et_pb_use_builder":"on","_et_pb_old_content":"","_et_gb_content_width":"","footnotes":""},"class_list":["post-1542","page","type-page","status-publish","hentry"],"_links":{"self":[{"href":"https:\/\/web.iem-emergencia.com\/ca\/wp-json\/wp\/v2\/pages\/1542","targetHints":{"allow":["GET"]}}],"collection":[{"href":"https:\/\/web.iem-emergencia.com\/ca\/wp-json\/wp\/v2\/pages"}],"about":[{"href":"https:\/\/web.iem-emergencia.com\/ca\/wp-json\/wp\/v2\/types\/page"}],"author":[{"embeddable":true,"href":"https:\/\/web.iem-emergencia.com\/ca\/wp-json\/wp\/v2\/users\/1"}],"replies":[{"embeddable":true,"href":"https:\/\/web.iem-emergencia.com\/ca\/wp-json\/wp\/v2\/comments?post=1542"}],"version-history":[{"count":0,"href":"https:\/\/web.iem-emergencia.com\/ca\/wp-json\/wp\/v2\/pages\/1542\/revisions"}],"wp:attachment":[{"href":"https:\/\/web.iem-emergencia.com\/ca\/wp-json\/wp\/v2\/media?parent=1542"}],"curies":[{"name":"wp","href":"https:\/\/api.w.org\/{rel}","templated":true}]}}