{"id":100,"date":"2018-02-19T00:46:38","date_gmt":"2018-02-19T00:46:38","guid":{"rendered":"https:\/\/iem-emergencia.cat\/?page_id=100"},"modified":"2025-01-26T22:00:17","modified_gmt":"2025-01-26T21:00:17","slug":"contacto","status":"publish","type":"page","link":"https:\/\/web.iem-emergencia.com\/ca\/contacto\/","title":{"rendered":"Contacte"},"content":{"rendered":"<p>[et_pb_section fb_built=\u00bb1&#8243; _builder_version=\u00bb4.17.4&#8243; _module_preset=\u00bbdefault\u00bb background_enable_color=\u00bboff\u00bb use_background_color_gradient=\u00bbon\u00bb background_color_gradient_direction=\u00bb125deg\u00bb background_color_gradient_stops=\u00bb#fcfcfc 50%|#ffffff 60%|rgba(115,115,115,0) 60%|rgba(0,0,0,0.02) 100%\u00bb background_color_gradient_overlays_image=\u00bbon\u00bb background_image=\u00bbhttps:\/\/web.iem-emergencia.com\/wp-content\/uploads\/2022\/06\/b-contacto.jpg\u00bb background_size=\u00bbcontain\u00bb background_position=\u00bbcenter_right\u00bb background_horizontal_offset=\u00bb0%\u00bb background_enable_pattern_style=\u00bbon\u00bb background_pattern_style=\u00bbdiagonal-stripes-2&#8243; background_pattern_color=\u00bbrgba(0,0,0,0.02)\u00bb background_pattern_size=\u00bbcustom\u00bb background_pattern_width=\u00bb22px\u00bb background_pattern_height=\u00bb30px\u00bb background_pattern_horizontal_offset=\u00bb0%\u00bb custom_margin=\u00bb5px||5px||true|false\u00bb custom_padding=\u00bb15px||15px||true|false\u00bb da_disable_devices=\u00bboff|off|off\u00bb global_colors_info=\u00bb{}\u00bb da_is_popup=\u00bboff\u00bb da_exit_intent=\u00bboff\u00bb da_has_close=\u00bbon\u00bb da_alt_close=\u00bboff\u00bb da_dark_close=\u00bboff\u00bb da_not_modal=\u00bbon\u00bb da_is_singular=\u00bboff\u00bb da_with_loader=\u00bboff\u00bb da_has_shadow=\u00bbon\u00bb][et_pb_row _builder_version=\u00bb4.17.4&#8243; _module_preset=\u00bbdefault\u00bb custom_margin=\u00bb|auto|-5px|auto||\u00bb global_colors_info=\u00bb{}\u00bb][et_pb_column type=\u00bb4_4&#8243; _builder_version=\u00bb4.17.4&#8243; _module_preset=\u00bbdefault\u00bb global_colors_info=\u00bb{}\u00bb][et_pb_text _builder_version=\u00bb4.17.4&#8243; _module_preset=\u00bbdefault\u00bb text_font_size=\u00bb17px\u00bb text_line_height=\u00bb1.8em\u00bb header_font_size=\u00bb40px\u00bb global_colors_info=\u00bb{}\u00bb]<\/p>\n<h1>Contacte<\/h1>\n<p>Estem esperant atendre&#039;t i explicar-te tot all\u00f2 que podem fer per tu.<\/p>\n<p>[\/et_pb_text][\/et_pb_column][\/et_pb_row][\/et_pb_section][et_pb_section fb_built=\u00bb1&#8243; admin_label=\u00bbStaff\u00bb _builder_version=\u00bb4.16&#8243; custom_padding=\u00bb4px||16px|||\u00bb da_disable_devices=\u00bboff|off|off\u00bb global_colors_info=\u00bb{}\u00bb da_is_popup=\u00bboff\u00bb da_exit_intent=\u00bboff\u00bb da_has_close=\u00bbon\u00bb da_alt_close=\u00bboff\u00bb da_dark_close=\u00bboff\u00bb da_not_modal=\u00bbon\u00bb da_is_singular=\u00bboff\u00bb da_with_loader=\u00bboff\u00bb da_has_shadow=\u00bbon\u00bb][et_pb_row column_structure=\u00bb1_3,1_3,1_3&#8243; make_equal=\u00bbon\u00bb _builder_version=\u00bb4.27.4&#8243; module_alignment=\u00bbcenter\u00bb custom_margin=\u00bb|auto|-1px|auto||\u00bb hover_enabled=\u00bb0&#8243; global_colors_info=\u00bb{}\u00bb width=\u00bb100%\u00bb sticky_enabled=\u00bb0&#8243;][et_pb_column type=\u00bb1_3&#8243; _builder_version=\u00bb4.16&#8243; global_colors_info=\u00bb{}\u00bb][et_pb_blurb title=\u00bbTel\u00e9fono y Fax\u00bb use_icon=\u00bbon\u00bb font_icon=\u00bb&#xe090;||divi||400&#8243; icon_color=\u00bb#ffffff\u00bb image_icon_background_color=\u00bb#b22121&#8243; image_icon_width=\u00bb48px\u00bb _builder_version=\u00bb4.16&#8243; body_font=\u00bbRaleway||||||||\u00bb background_color=\u00bbrgba(140,14,0,0.08)\u00bb image_icon_custom_padding=\u00bb25px|25px|25px|25px|false|false\u00bb text_orientation=\u00bbcenter\u00bb custom_margin=\u00bb||||true\u00bb custom_padding=\u00bb15px||15px||true|false\u00bb border_radii_image=\u00bbon|100%|100%|100%|100%\u00bb use_circle=\u00bbon\u00bb global_colors_info=\u00bb{}\u00bb image_icon_background_color__sticky_enabled=\u00bb#b22121&#8243; image_icon_background_color__sticky=\u00bb#b22121&#8243;]<\/p>\n<p>Tel: +34 93 4335190<br \/> Fax: +34 93 433 4405<\/p>\n<p>[\/et_pb_blurb][\/et_pb_column][et_pb_column type=\u00bb1_3&#8243; _builder_version=\u00bb4.16&#8243; global_colors_info=\u00bb{}\u00bb][et_pb_blurb title=\u00bbDirecci\u00f3n\u00bb use_icon=\u00bbon\u00bb font_icon=\u00bb&#xe081;||divi||400&#8243; icon_color=\u00bb#ffffff\u00bb image_icon_background_color=\u00bb#b22121&#8243; image_icon_width=\u00bb48px\u00bb _builder_version=\u00bb4.16&#8243; body_font=\u00bbRaleway||||||||\u00bb background_color=\u00bbrgba(140,14,0,0.08)\u00bb image_icon_custom_padding=\u00bb25px|25px|25px|25px|false|false\u00bb text_orientation=\u00bbcenter\u00bb custom_margin=\u00bb||||true\u00bb custom_padding=\u00bb15px||15px||true|false\u00bb border_radii_image=\u00bbon|100%|100%|100%|100%\u00bb use_circle=\u00bbon\u00bb global_colors_info=\u00bb{}\u00bb image_icon_background_color__sticky_enabled=\u00bb#b22121&#8243; image_icon_background_color__sticky=\u00bb#b22121&#8243;]<\/p>\n<p>Carrer Salvador Espriu, 73-75 baixos<br \/> 08005 Barcelona<\/p>\n<p>[\/et_pb_blurb][\/et_pb_column][et_pb_column type=\u00bb1_3&#8243; _builder_version=\u00bb4.16&#8243; global_colors_info=\u00bb{}\u00bb][et_pb_blurb title=\u00bbE-mail\u00bb use_icon=\u00bbon\u00bb font_icon=\u00bb&#xe010;||divi||400&#8243; icon_color=\u00bb#ffffff\u00bb image_icon_background_color=\u00bb#b22121&#8243; image_icon_width=\u00bb48px\u00bb _builder_version=\u00bb4.16&#8243; body_font=\u00bbRaleway||||||||\u00bb background_color=\u00bbrgba(140,14,0,0.08)\u00bb image_icon_custom_padding=\u00bb25px|25px|25px|25px|false|false\u00bb text_orientation=\u00bbcenter\u00bb custom_margin=\u00bb||||true\u00bb custom_padding=\u00bb15px||15px||true|false\u00bb border_radii_image=\u00bbon|100%|100%|100%|100%\u00bb use_circle=\u00bbon\u00bb global_colors_info=\u00bb{}\u00bb image_icon_background_color__sticky_enabled=\u00bb#b22121&#8243; image_icon_background_color__sticky=\u00bb#b22121&#8243;]<\/p>\n<p>info@iem-emergencia.com<br \/>\u00a0<\/p>\n<p>[\/et_pb_blurb][\/et_pb_column][\/et_pb_row][et_pb_row _builder_version=\u00bb4.27.4&#8243; background_color=\u00bbrgba(124,218,36,0.07)\u00bb custom_padding=\u00bb15px|||||\u00bb hover_enabled=\u00bb0&#8243; global_colors_info=\u00bb{}\u00bb width=\u00bb100%\u00bb sticky_enabled=\u00bb0&#8243;][et_pb_column type=\u00bb4_4&#8243; _builder_version=\u00bb4.16&#8243; global_colors_info=\u00bb{}\u00bb][et_pb_blurb title=\u00bbContacta con nosotros por WhatsApp\u00bb image=\u00bbhttps:\/\/iem-emergencia.com\/wp-content\/uploads\/2020\/03\/whatsapp-icon-png-6.png\u00bb image_icon_width=\u00bb26%\u00bb _builder_version=\u00bb4.17.4&#8243; header_font=\u00bb||||||||\u00bb text_orientation=\u00bbcenter\u00bb custom_margin=\u00bb||-3px|||\u00bb link_option_url=\u00bbhttps:\/\/web.whatsapp.com\/send\/?phone=34646158961&#8243; image_max_width=\u00bb26%\u00bb global_colors_info=\u00bb{}\u00bb][\/et_pb_blurb][\/et_pb_column][\/et_pb_row][et_pb_row _builder_version=\u00bb4.27.4&#8243; custom_padding=\u00bb63px|||||\u00bb hover_enabled=\u00bb0&#8243; global_colors_info=\u00bb{}\u00bb width=\u00bb100%\u00bb sticky_enabled=\u00bb0&#8243;][et_pb_column type=\u00bb4_4&#8243; _builder_version=\u00bb4.16&#8243; global_colors_info=\u00bb{}\u00bb][et_pb_text _builder_version=\u00bb4.17.4&#8243; text_font=\u00bb||||||||\u00bb text_orientation=\u00bbcenter\u00bb text_text_align=\u00bbcenter\u00bb global_colors_info=\u00bb{}\u00bb]<\/p>\n<h2>Contacta amb l&#039;IEM<\/h2>\n<p>Omple el seg\u00fcent formulari amb totes les teves dades i un dels nostres assessors contactar\u00e0 amb tu el m\u00e9s aviat possible.<\/p>\n<p>[\/et_pb_text][\/et_pb_column][\/et_pb_row][et_pb_row column_structure=\u00bb2_5,3_5&#8243; make_equal=\u00bbon\u00bb _builder_version=\u00bb4.16&#8243; width=\u00bb100%\u00bb module_alignment=\u00bbcenter\u00bb global_colors_info=\u00bb{}\u00bb][et_pb_column type=\u00bb2_5&#8243; _builder_version=\u00bb4.16&#8243; global_colors_info=\u00bb{}\u00bb][et_pb_map address=\u00bbCarrer de Salvador Espriu, 73, 08005 Barcelona, Espanya\u00bb zoom_level=\u00bb15&#8243; address_lat=\u00bb41.3913366&#8243; address_lng=\u00bb2.199924&#8243; use_grayscale_filter=\u00bbon\u00bb grayscale_filter_amount=\u00bb80&#8243; _builder_version=\u00bb4.16&#8243; height=\u00bb463px\u00bb global_colors_info=\u00bb{}\u00bb][et_pb_map_pin title=\u00bbIEM\u00bb pin_address=\u00bbCarrer de Salvador Espriu, 73, 08005 Barcelona, Espanya\u00bb zoom_level=\u00bb15&#8243; pin_address_lat=\u00bb41.3913366&#8243; pin_address_lng=\u00bb2.199924&#8243; _builder_version=\u00bb3.27.3&#8243; global_colors_info=\u00bb{}\u00bb][\/et_pb_map_pin][\/et_pb_map][et_pb_button button_url=\u00bbhttps:\/\/www.google.com\/maps\/dir\/\/IEM+Instituto+de+Estudios+M%C3%A9dicos,+Carrer+de+Salvador+Espriu,+73-75,+08005+Barcelona\/@41.391085,2.197356,17z\/data=!4m16!1m6!3m5!1s0x12a4a2d1024ce2b9:0x35c7cf41e676e610!2sIEM+Instituto+de+Estudios+M%C3%A9dicos!8m2!3d41.391081!4d2.19955!4m8!1m0!1m5!1m1!1s0x12a4a2d1024ce2b9:0x35c7cf41e676e610!2m2!1d2.19955!2d41.391081!3e2&#8243; url_new_window=\u00bbon\u00bb button_text=\u00bbIndicaciones para llegar al IEM\u00bb _builder_version=\u00bb4.16&#8243; custom_button=\u00bbon\u00bb button_text_size=\u00bb17px\u00bb button_text_color=\u00bb#ffffff\u00bb button_bg_color=\u00bb#b71717&#8243; button_border_width=\u00bb0px\u00bb button_icon=\u00bb&#xe01c;||divi||400&#8243; button_icon_color=\u00bb#ffffff\u00bb button_icon_placement=\u00bbleft\u00bb button_on_hover=\u00bboff\u00bb global_colors_info=\u00bb{}\u00bb][\/et_pb_button][et_pb_text _builder_version=\u00bb4.16&#8243; global_colors_info=\u00bb{}\u00bb]<\/p>\n<p><strong>Coordenades GPS<\/strong><\/p>\n<table>\n<tbody>\n<tr>\n<td><strong>GD<\/strong><\/td>\n<td>41.391085<\/td>\n<td>2.197356<\/td>\n<\/tr>\n<tr>\n<td><strong>GMS<\/strong><\/td>\n<td>N 41\u00b0 23\u2032 27.906\u00bb<\/td>\n<td>I 2\u00b0 11\u2032 50.481\u00bb<\/td>\n<\/tr>\n<\/tbody>\n<\/table>\n<p>[\/et_pb_text][\/et_pb_column][et_pb_column type=\u00bb3_5&#8243; _builder_version=\u00bb4.16&#8243; global_colors_info=\u00bb{}\u00bb][et_pb_contact_form email=\u00bbadmin@iem-emergencia.com\u00bb custom_message=\u00bb\/\/\/\/\/\/\/\/\/   \/\/     \/     \/||et_pb_line_break_holder||MISSATGE DE CONTACTE DESDE LA WEB||et_pb_line_break_holder||S&#8217;ha rebut un missatge de contacte rebut desde la web de l&#8217;IEM. A continuaci\u00f3 els detalls:||et_pb_line_break_holder||\/\/\/\/\/\/\/\/\/   \/\/     \/     \/||et_pb_line_break_holder||||et_pb_line_break_holder||&#8212;&#8211; DADES DE CONTACTE &#8212;&#8212;&#8212;&#8212;&#8211;||et_pb_line_break_holder||Nom i Cognoms: %%Nombre%% %%Apellidos%%||et_pb_line_break_holder||E-mail: %%Email%%||et_pb_line_break_holder||Tel\u00e8fon: %%Telefono%%||et_pb_line_break_holder||||et_pb_line_break_holder||&#8212;&#8211; MISSATGE &#8212;&#8212;&#8212;&#8212;&#8212;&#8211;||et_pb_line_break_holder||%%Mensaje%%||et_pb_line_break_holder||||et_pb_line_break_holder||||et_pb_line_break_holder||\/\/\/\/\/\/\/\/\/   \/\/     \/     \/||et_pb_line_break_holder||No respondre a aquest e-mail.||et_pb_line_break_holder||IEM Servidor web\u00bb success_message=\u00bbMensaje enviado correctamente. En breve contactaremos contigo.\u00bb _builder_version=\u00bb4.16&#8243; _unique_id=\u00bb44ad4c58-a137-47e4-9340-3e28f3024328&#8243; global_colors_info=\u00bb{}\u00bb][et_pb_contact_field field_id=\u00bbNombre\u00bb field_title=\u00bbNombre\u00bb _builder_version=\u00bb4.16&#8243; global_colors_info=\u00bb{}\u00bb button_text_size__hover_enabled=\u00bboff\u00bb button_one_text_size__hover_enabled=\u00bboff\u00bb button_two_text_size__hover_enabled=\u00bboff\u00bb button_text_color__hover_enabled=\u00bboff\u00bb button_one_text_color__hover_enabled=\u00bboff\u00bb button_two_text_color__hover_enabled=\u00bboff\u00bb button_border_width__hover_enabled=\u00bboff\u00bb button_one_border_width__hover_enabled=\u00bboff\u00bb button_two_border_width__hover_enabled=\u00bboff\u00bb button_border_color__hover_enabled=\u00bboff\u00bb button_one_border_color__hover_enabled=\u00bboff\u00bb button_two_border_color__hover_enabled=\u00bboff\u00bb button_border_radius__hover_enabled=\u00bboff\u00bb button_one_border_radius__hover_enabled=\u00bboff\u00bb button_two_border_radius__hover_enabled=\u00bboff\u00bb button_letter_spacing__hover_enabled=\u00bboff\u00bb button_one_letter_spacing__hover_enabled=\u00bboff\u00bb button_two_letter_spacing__hover_enabled=\u00bboff\u00bb button_bg_color__hover_enabled=\u00bboff\u00bb button_one_bg_color__hover_enabled=\u00bboff\u00bb button_two_bg_color__hover_enabled=\u00bboff\u00bb][\/et_pb_contact_field][et_pb_contact_field field_id=\u00bbApellidos\u00bb field_title=\u00bbApellidos\u00bb _builder_version=\u00bb4.16&#8243; global_colors_info=\u00bb{}\u00bb button_text_size__hover_enabled=\u00bboff\u00bb button_one_text_size__hover_enabled=\u00bboff\u00bb button_two_text_size__hover_enabled=\u00bboff\u00bb button_text_color__hover_enabled=\u00bboff\u00bb button_one_text_color__hover_enabled=\u00bboff\u00bb button_two_text_color__hover_enabled=\u00bboff\u00bb button_border_width__hover_enabled=\u00bboff\u00bb button_one_border_width__hover_enabled=\u00bboff\u00bb button_two_border_width__hover_enabled=\u00bboff\u00bb button_border_color__hover_enabled=\u00bboff\u00bb button_one_border_color__hover_enabled=\u00bboff\u00bb button_two_border_color__hover_enabled=\u00bboff\u00bb button_border_radius__hover_enabled=\u00bboff\u00bb button_one_border_radius__hover_enabled=\u00bboff\u00bb button_two_border_radius__hover_enabled=\u00bboff\u00bb button_letter_spacing__hover_enabled=\u00bboff\u00bb button_one_letter_spacing__hover_enabled=\u00bboff\u00bb button_two_letter_spacing__hover_enabled=\u00bboff\u00bb button_bg_color__hover_enabled=\u00bboff\u00bb button_one_bg_color__hover_enabled=\u00bboff\u00bb button_two_bg_color__hover_enabled=\u00bboff\u00bb][\/et_pb_contact_field][et_pb_contact_field field_id=\u00bbEmail\u00bb field_title=\u00bbE-mail\u00bb field_type=\u00bbemail\u00bb _builder_version=\u00bb4.16&#8243; global_colors_info=\u00bb{}\u00bb button_text_size__hover_enabled=\u00bboff\u00bb button_one_text_size__hover_enabled=\u00bboff\u00bb button_two_text_size__hover_enabled=\u00bboff\u00bb button_text_color__hover_enabled=\u00bboff\u00bb button_one_text_color__hover_enabled=\u00bboff\u00bb button_two_text_color__hover_enabled=\u00bboff\u00bb button_border_width__hover_enabled=\u00bboff\u00bb button_one_border_width__hover_enabled=\u00bboff\u00bb button_two_border_width__hover_enabled=\u00bboff\u00bb button_border_color__hover_enabled=\u00bboff\u00bb button_one_border_color__hover_enabled=\u00bboff\u00bb button_two_border_color__hover_enabled=\u00bboff\u00bb button_border_radius__hover_enabled=\u00bboff\u00bb button_one_border_radius__hover_enabled=\u00bboff\u00bb button_two_border_radius__hover_enabled=\u00bboff\u00bb button_letter_spacing__hover_enabled=\u00bboff\u00bb button_one_letter_spacing__hover_enabled=\u00bboff\u00bb button_two_letter_spacing__hover_enabled=\u00bboff\u00bb button_bg_color__hover_enabled=\u00bboff\u00bb button_one_bg_color__hover_enabled=\u00bboff\u00bb button_two_bg_color__hover_enabled=\u00bboff\u00bb][\/et_pb_contact_field][et_pb_contact_field field_id=\u00bbTelefono\u00bb field_title=\u00bbTel\u00e9fono\u00bb _builder_version=\u00bb4.16&#8243; global_colors_info=\u00bb{}\u00bb button_text_size__hover_enabled=\u00bboff\u00bb button_one_text_size__hover_enabled=\u00bboff\u00bb button_two_text_size__hover_enabled=\u00bboff\u00bb button_text_color__hover_enabled=\u00bboff\u00bb button_one_text_color__hover_enabled=\u00bboff\u00bb button_two_text_color__hover_enabled=\u00bboff\u00bb button_border_width__hover_enabled=\u00bboff\u00bb button_one_border_width__hover_enabled=\u00bboff\u00bb button_two_border_width__hover_enabled=\u00bboff\u00bb button_border_color__hover_enabled=\u00bboff\u00bb button_one_border_color__hover_enabled=\u00bboff\u00bb button_two_border_color__hover_enabled=\u00bboff\u00bb button_border_radius__hover_enabled=\u00bboff\u00bb button_one_border_radius__hover_enabled=\u00bboff\u00bb button_two_border_radius__hover_enabled=\u00bboff\u00bb button_letter_spacing__hover_enabled=\u00bboff\u00bb button_one_letter_spacing__hover_enabled=\u00bboff\u00bb button_two_letter_spacing__hover_enabled=\u00bboff\u00bb button_bg_color__hover_enabled=\u00bboff\u00bb button_one_bg_color__hover_enabled=\u00bboff\u00bb button_two_bg_color__hover_enabled=\u00bboff\u00bb][\/et_pb_contact_field][et_pb_contact_field field_id=\u00bbMensaje\u00bb field_title=\u00bbMensaje\u00bb field_type=\u00bbtext\u00bb fullwidth_field=\u00bbon\u00bb _builder_version=\u00bb4.16&#8243; global_colors_info=\u00bb{}\u00bb button_text_size__hover_enabled=\u00bboff\u00bb button_one_text_size__hover_enabled=\u00bboff\u00bb button_two_text_size__hover_enabled=\u00bboff\u00bb button_text_color__hover_enabled=\u00bboff\u00bb button_one_text_color__hover_enabled=\u00bboff\u00bb button_two_text_color__hover_enabled=\u00bboff\u00bb button_border_width__hover_enabled=\u00bboff\u00bb button_one_border_width__hover_enabled=\u00bboff\u00bb button_two_border_width__hover_enabled=\u00bboff\u00bb button_border_color__hover_enabled=\u00bboff\u00bb button_one_border_color__hover_enabled=\u00bboff\u00bb button_two_border_color__hover_enabled=\u00bboff\u00bb button_border_radius__hover_enabled=\u00bboff\u00bb button_one_border_radius__hover_enabled=\u00bboff\u00bb button_two_border_radius__hover_enabled=\u00bboff\u00bb button_letter_spacing__hover_enabled=\u00bboff\u00bb button_one_letter_spacing__hover_enabled=\u00bboff\u00bb button_two_letter_spacing__hover_enabled=\u00bboff\u00bb button_bg_color__hover_enabled=\u00bboff\u00bb button_one_bg_color__hover_enabled=\u00bboff\u00bb button_two_bg_color__hover_enabled=\u00bboff\u00bb][\/et_pb_contact_field][et_pb_contact_field field_id=\u00bbPolitica\u00bb field_title=\u00bbPol\u00edtica de Protecci\u00f3n de Datos\u00bb field_type=\u00bbcheckbox\u00bb checkbox_options=\u00bb%91{%22value%22:%22He le\u00eddo y acepto la Pol\u00edtica de Protecci\u00f3n de Datos de la web.%22,%22checked%22:0,%22dragID%22:-1,%22link_url%22:%22\/contacto\/aviso-legal\/%22}%93&#8243; fullwidth_field=\u00bbon\u00bb _builder_version=\u00bb4.16&#8243; global_colors_info=\u00bb{}\u00bb][\/et_pb_contact_field][\/et_pb_contact_form][\/et_pb_column][\/et_pb_row][\/et_pb_section]<\/p>","protected":false},"excerpt":{"rendered":"<p>Contacto Estamos esperando atenderte y explicarte todo lo que podemos hacer por t\u00ed.Tel: +34 93 4335190 Fax: +34 93 433 4405Calle Salvador Espriu, 73-75 bajos 08005 Barcelonainfo@iem-emergencia.com\u00a0Contacta con el IEM [&hellip;]<\/p>","protected":false},"author":1,"featured_media":18,"parent":0,"menu_order":0,"comment_status":"closed","ping_status":"closed","template":"","meta":{"_et_pb_use_builder":"on","_et_pb_old_content":"[contact-form-7 id=\"5\" title=\"Contacto ES\"]","_et_gb_content_width":"","footnotes":""},"class_list":["post-100","page","type-page","status-publish","has-post-thumbnail","hentry"],"_links":{"self":[{"href":"https:\/\/web.iem-emergencia.com\/ca\/wp-json\/wp\/v2\/pages\/100","targetHints":{"allow":["GET"]}}],"collection":[{"href":"https:\/\/web.iem-emergencia.com\/ca\/wp-json\/wp\/v2\/pages"}],"about":[{"href":"https:\/\/web.iem-emergencia.com\/ca\/wp-json\/wp\/v2\/types\/page"}],"author":[{"embeddable":true,"href":"https:\/\/web.iem-emergencia.com\/ca\/wp-json\/wp\/v2\/users\/1"}],"replies":[{"embeddable":true,"href":"https:\/\/web.iem-emergencia.com\/ca\/wp-json\/wp\/v2\/comments?post=100"}],"version-history":[{"count":0,"href":"https:\/\/web.iem-emergencia.com\/ca\/wp-json\/wp\/v2\/pages\/100\/revisions"}],"wp:featuredmedia":[{"embeddable":true,"href":"https:\/\/web.iem-emergencia.com\/ca\/wp-json\/"}],"wp:attachment":[{"href":"https:\/\/web.iem-emergencia.com\/ca\/wp-json\/wp\/v2\/media?parent=100"}],"curies":[{"name":"wp","href":"https:\/\/api.w.org\/{rel}","templated":true}]}}